{"id":1746,"date":"2013-04-09T10:57:17","date_gmt":"2013-04-09T09:57:17","guid":{"rendered":"https:\/\/www.la-cerisaie.net\/?page_id=194"},"modified":"2016-02-10T11:57:48","modified_gmt":"2016-02-10T10:57:48","slug":"in-der-naehe-von","status":"publish","type":"page","link":"https:\/\/www.la-cerisaie.net\/de\/lage-aktivitaeten\/in-der-naehe-von\/","title":{"rendered":"In der N\u00e4he von"},"content":{"rendered":"<h2><b><\/b>An der Weinstrasse<\/h2>\n<p><strong>Hunawihr<br \/>\n<\/strong>Im Storchenpark k\u00f6nnen Sie rund 250 St\u00f6rche beobachten, wie sie mit ihren langen Beinen \u00fcber die Wiesen staksen, unbeeindruckt von den Besuchern.<\/p>\n<p>Empfehlenswert ist auch der Garten mit exotischen Schmetterlingen, die in einer bezaubernden Flora leben.<\/p>\n<p><b>Cigoland<br \/>\n<\/b>Freizeit- und Tierpark am Fusse der Haut-K\u00f6nigsburg, 2 km entfernt von der Weinstrasse.<\/p>\n<p><b>Der Affenberg<br \/>\n<\/b>Am Fusse der Haut-K\u00f6nigsburg leben rund 300 Berberaffen auf 24 Hektar Wald, ohne Gitter und K\u00e4fige \u2013 ein ganz spezielles Erlebnis, die ungew\u00f6hnliche Begegnung mit diesen Tieren!<\/p>\n<p><b>Die Adler von Kintzheim<br \/>\n<\/b>Adlerhorst mit Flugvorf\u00fchrungen der sch\u00f6nsten Greifv\u00f6gel.<\/p>\n<p><b>Ottrot<br \/>\n<\/b>Aquarium, Tiere vom Bauernhof.<\/p>\n<h2>Els\u00e4ssische Sehensw\u00fcrdigkeiten<\/h2>\n<p><b>Die Haut-K\u00f6nigsburg <\/b>restauriert von Kaiser Wilhelm II.<\/p>\n<p><b>Der Odilienberg <\/b>mit dem Kloster der Schutzpatronin ist ein klassisches, sehr bekanntes Wallfahrts- und Ausflugsziel.<\/p>\n<p><b>Andlau <\/b>mit seiner Kapelle St. Richarde, ist ein beschauliches Dorf, eingebettet zwischen Wald und Weinbergen, welches haupts\u00e4chlich vom Weinanbau und Weinhandel lebt.<\/p>\n<h2>Bein unseren Nachbarn<\/h2>\n<p><b>Rust<\/b><\/p>\n<p><strong>Europapark<\/strong> : grosser Freizeitpark<\/p>\n<p><b>Baden Baden<\/b> und die Thermen<\/p>\n","protected":false},"excerpt":{"rendered":"<p>An der Weinstrasse Hunawihr Im Storchenpark k\u00f6nnen Sie rund 250 St\u00f6rche beobachten, wie sie mit ihren langen Beinen \u00fcber die Wiesen staksen, unbeeindruckt von den Besuchern. Empfehlenswert ist auch der Garten mit exotischen Schmetterlingen, die in einer bezaubernden Flora leben. Cigoland Freizeit- und Tierpark am Fusse der Haut-K\u00f6nigsburg, 2 km [&hellip;]<\/p>\n","protected":false},"author":2,"featured_media":0,"parent":199,"menu_order":0,"comment_status":"open","ping_status":"closed","template":"","meta":{"footnotes":""},"class_list":["post-1746","page","type-page","status-publish","hentry"],"yoast_head":"<!-- This site is optimized with the Yoast SEO plugin v27.4 - https:\/\/yoast.com\/product\/yoast-seo-wordpress\/ -->\n<title>Freizeit Elsass : Europa Park, Aquavall\u00e9e | Die Cerisaie<\/title>\n<meta name=\"description\" content=\"Freizeitpark Europapark, die \u201cMontagne des singes\u201d die \u201cvolerie des aigles\u201d, der Schmetterlinggarten \u2026 Das Elsass bietet viele Aktivit\u00e4ten.\" \/>\n<meta name=\"robots\" content=\"index, follow, max-snippet:-1, max-image-preview:large, max-video-preview:-1\" \/>\n<link rel=\"canonical\" href=\"https:\/\/www.la-cerisaie.net\/de\/lage-aktivitaeten\/in-der-naehe-von\/\" \/>\n<meta property=\"og:locale\" content=\"de_DE\" \/>\n<meta property=\"og:type\" content=\"article\" \/>\n<meta property=\"og:title\" content=\"Freizeit Elsass : Europa Park, Aquavall\u00e9e | Die Cerisaie\" \/>\n<meta property=\"og:description\" content=\"Freizeitpark Europapark, die \u201cMontagne des singes\u201d die \u201cvolerie des aigles\u201d, der Schmetterlinggarten \u2026 Das Elsass bietet viele Aktivit\u00e4ten.\" \/>\n<meta property=\"og:url\" content=\"https:\/\/www.la-cerisaie.net\/de\/lage-aktivitaeten\/in-der-naehe-von\/\" \/>\n<meta property=\"og:site_name\" content=\"La Cerisaie\" \/>\n<meta property=\"article:modified_time\" content=\"2016-02-10T10:57:48+00:00\" \/>\n<meta name=\"twitter:card\" content=\"summary_large_image\" \/>\n<meta name=\"twitter:label1\" content=\"Gesch\u00e4tzte Lesezeit\" \/>\n\t<meta name=\"twitter:data1\" content=\"1\u00a0Minute\" \/>\n<script type=\"application\/ld+json\" class=\"yoast-schema-graph\">{\"@context\":\"https:\\\/\\\/schema.org\",\"@graph\":[{\"@type\":\"WebPage\",\"@id\":\"https:\\\/\\\/www.la-cerisaie.net\\\/de\\\/lage-aktivitaeten\\\/in-der-naehe-von\\\/\",\"url\":\"https:\\\/\\\/www.la-cerisaie.net\\\/de\\\/lage-aktivitaeten\\\/in-der-naehe-von\\\/\",\"name\":\"Freizeit Elsass : Europa Park, Aquavall\u00e9e | Die Cerisaie\",\"isPartOf\":{\"@id\":\"http:\\\/\\\/www.la-cerisaie.net\\\/de\\\/#website\"},\"datePublished\":\"2013-04-09T09:57:17+00:00\",\"dateModified\":\"2016-02-10T10:57:48+00:00\",\"description\":\"Freizeitpark Europapark, die \u201cMontagne des singes\u201d die \u201cvolerie des aigles\u201d, der Schmetterlinggarten \u2026 Das Elsass bietet viele Aktivit\u00e4ten.\",\"breadcrumb\":{\"@id\":\"https:\\\/\\\/www.la-cerisaie.net\\\/de\\\/lage-aktivitaeten\\\/in-der-naehe-von\\\/#breadcrumb\"},\"inLanguage\":\"de\",\"potentialAction\":[{\"@type\":\"ReadAction\",\"target\":[\"https:\\\/\\\/www.la-cerisaie.net\\\/de\\\/lage-aktivitaeten\\\/in-der-naehe-von\\\/\"]}]},{\"@type\":\"BreadcrumbList\",\"@id\":\"https:\\\/\\\/www.la-cerisaie.net\\\/de\\\/lage-aktivitaeten\\\/in-der-naehe-von\\\/#breadcrumb\",\"itemListElement\":[{\"@type\":\"ListItem\",\"position\":1,\"name\":\"Accueil\",\"item\":\"http:\\\/\\\/www.la-cerisaie.net\\\/de\\\/\"},{\"@type\":\"ListItem\",\"position\":2,\"name\":\"Sport Entspannung\",\"item\":\"http:\\\/\\\/www.la-cerisaie.net\\\/de\\\/lage-aktivitaeten\\\/\"},{\"@type\":\"ListItem\",\"position\":3,\"name\":\"Freizeit\"}]},{\"@type\":\"WebSite\",\"@id\":\"http:\\\/\\\/www.la-cerisaie.net\\\/de\\\/#website\",\"url\":\"http:\\\/\\\/www.la-cerisaie.net\\\/de\\\/\",\"name\":\"La Cerisaie\",\"description\":\"Chambres d&#039;h\u00f4tes en Alsace\",\"potentialAction\":[{\"@type\":\"SearchAction\",\"target\":{\"@type\":\"EntryPoint\",\"urlTemplate\":\"http:\\\/\\\/www.la-cerisaie.net\\\/de\\\/?s={search_term_string}\"},\"query-input\":{\"@type\":\"PropertyValueSpecification\",\"valueRequired\":true,\"valueName\":\"search_term_string\"}}],\"inLanguage\":\"de\"}]}<\/script>\n<!-- \/ Yoast SEO plugin. -->","yoast_head_json":{"title":"Freizeit Elsass : Europa Park, Aquavall\u00e9e | Die Cerisaie","description":"Freizeitpark Europapark, die \u201cMontagne des singes\u201d die \u201cvolerie des aigles\u201d, der Schmetterlinggarten \u2026 Das Elsass bietet viele Aktivit\u00e4ten.","robots":{"index":"index","follow":"follow","max-snippet":"max-snippet:-1","max-image-preview":"max-image-preview:large","max-video-preview":"max-video-preview:-1"},"canonical":"https:\/\/www.la-cerisaie.net\/de\/lage-aktivitaeten\/in-der-naehe-von\/","og_locale":"de_DE","og_type":"article","og_title":"Freizeit Elsass : Europa Park, Aquavall\u00e9e | Die Cerisaie","og_description":"Freizeitpark Europapark, die \u201cMontagne des singes\u201d die \u201cvolerie des aigles\u201d, der Schmetterlinggarten \u2026 Das Elsass bietet viele Aktivit\u00e4ten.","og_url":"https:\/\/www.la-cerisaie.net\/de\/lage-aktivitaeten\/in-der-naehe-von\/","og_site_name":"La Cerisaie","article_modified_time":"2016-02-10T10:57:48+00:00","twitter_card":"summary_large_image","twitter_misc":{"Gesch\u00e4tzte Lesezeit":"1\u00a0Minute"},"schema":{"@context":"https:\/\/schema.org","@graph":[{"@type":"WebPage","@id":"https:\/\/www.la-cerisaie.net\/de\/lage-aktivitaeten\/in-der-naehe-von\/","url":"https:\/\/www.la-cerisaie.net\/de\/lage-aktivitaeten\/in-der-naehe-von\/","name":"Freizeit Elsass : Europa Park, Aquavall\u00e9e | Die Cerisaie","isPartOf":{"@id":"http:\/\/www.la-cerisaie.net\/de\/#website"},"datePublished":"2013-04-09T09:57:17+00:00","dateModified":"2016-02-10T10:57:48+00:00","description":"Freizeitpark Europapark, die \u201cMontagne des singes\u201d die \u201cvolerie des aigles\u201d, der Schmetterlinggarten \u2026 Das Elsass bietet viele Aktivit\u00e4ten.","breadcrumb":{"@id":"https:\/\/www.la-cerisaie.net\/de\/lage-aktivitaeten\/in-der-naehe-von\/#breadcrumb"},"inLanguage":"de","potentialAction":[{"@type":"ReadAction","target":["https:\/\/www.la-cerisaie.net\/de\/lage-aktivitaeten\/in-der-naehe-von\/"]}]},{"@type":"BreadcrumbList","@id":"https:\/\/www.la-cerisaie.net\/de\/lage-aktivitaeten\/in-der-naehe-von\/#breadcrumb","itemListElement":[{"@type":"ListItem","position":1,"name":"Accueil","item":"http:\/\/www.la-cerisaie.net\/de\/"},{"@type":"ListItem","position":2,"name":"Sport Entspannung","item":"http:\/\/www.la-cerisaie.net\/de\/lage-aktivitaeten\/"},{"@type":"ListItem","position":3,"name":"Freizeit"}]},{"@type":"WebSite","@id":"http:\/\/www.la-cerisaie.net\/de\/#website","url":"http:\/\/www.la-cerisaie.net\/de\/","name":"La Cerisaie","description":"Chambres d&#039;h\u00f4tes en Alsace","potentialAction":[{"@type":"SearchAction","target":{"@type":"EntryPoint","urlTemplate":"http:\/\/www.la-cerisaie.net\/de\/?s={search_term_string}"},"query-input":{"@type":"PropertyValueSpecification","valueRequired":true,"valueName":"search_term_string"}}],"inLanguage":"de"}]}},"_links":{"self":[{"href":"https:\/\/www.la-cerisaie.net\/de\/wp-json\/wp\/v2\/pages\/1746","targetHints":{"allow":["GET"]}}],"collection":[{"href":"https:\/\/www.la-cerisaie.net\/de\/wp-json\/wp\/v2\/pages"}],"about":[{"href":"https:\/\/www.la-cerisaie.net\/de\/wp-json\/wp\/v2\/types\/page"}],"author":[{"embeddable":true,"href":"https:\/\/www.la-cerisaie.net\/de\/wp-json\/wp\/v2\/users\/2"}],"replies":[{"embeddable":true,"href":"https:\/\/www.la-cerisaie.net\/de\/wp-json\/wp\/v2\/comments?post=1746"}],"version-history":[{"count":5,"href":"https:\/\/www.la-cerisaie.net\/de\/wp-json\/wp\/v2\/pages\/1746\/revisions"}],"predecessor-version":[{"id":2386,"href":"https:\/\/www.la-cerisaie.net\/de\/wp-json\/wp\/v2\/pages\/1746\/revisions\/2386"}],"up":[{"embeddable":true,"href":"https:\/\/www.la-cerisaie.net\/de\/wp-json\/wp\/v2\/pages\/199"}],"wp:attachment":[{"href":"https:\/\/www.la-cerisaie.net\/de\/wp-json\/wp\/v2\/media?parent=1746"}],"curies":[{"name":"wp","href":"https:\/\/api.w.org\/{rel}","templated":true}]}}