{"id":1800,"date":"2015-10-16T14:05:16","date_gmt":"2015-10-16T13:05:16","guid":{"rendered":"https:\/\/www.la-cerisaie.net\/de\/?page_id=1800"},"modified":"2016-02-10T11:23:51","modified_gmt":"2016-02-10T10:23:51","slug":"fruhstuck","status":"publish","type":"page","link":"https:\/\/www.la-cerisaie.net\/de\/tisch-hotes\/fruhstuck\/","title":{"rendered":"Fr\u00fchst\u00fcck"},"content":{"rendered":"<p>Das Fr\u00fchst\u00fcck, der ersten guten Moment des Tages ! Astrid bereitet Ihnen sehr gerne jeden Morgen ein sch\u00f6nes <strong>Fr\u00fchst\u00fccksbuffet<\/strong>.<br \/>\nDas Fr\u00fchst\u00fcck in der Cerisaie ist immer eine sch\u00f6ne Umtauschszene unter den G\u00e4sten die alles geniessen k\u00f6nnen, der gute Kaffee, das Geb\u00e4ck von Astrid ohne die gute Hausgemachte Konfitueren zu vergessen und immer \u2026die Gute Laune die in der Cerisaie herrcht.<br \/>\nDies alles, das beste Rezept um in einen guten Tag zu starten !<\/p>\n<p>Das Fr\u00fchst\u00fcck wird <strong>zwischen 8h30 und 9h30 serviert<\/strong>, im Essszimmer oder auf der Terrasse.<\/p>\n\n\t\t<style type=\"text\/css\">\n\t\t\t#gallery-1 {\n\t\t\t\tmargin: auto;\n\t\t\t}\n\t\t\t#gallery-1 .gallery-item {\n\t\t\t\tfloat: left;\n\t\t\t\tmargin-top: 10px;\n\t\t\t\ttext-align: center;\n\t\t\t\twidth: 20%;\n\t\t\t}\n\t\t\t#gallery-1 img {\n\t\t\t\tborder: 2px solid #cfcfcf;\n\t\t\t}\n\t\t\t#gallery-1 .gallery-caption {\n\t\t\t\tmargin-left: 0;\n\t\t\t}\n\t\t\t\/* see gallery_shortcode() in wp-includes\/media.php *\/\n\t\t<\/style>\n\t\t<div id='gallery-1' class='gallery galleryid-1800 gallery-columns-5 gallery-size-thumbnail'><dl class='gallery-item'>\n\t\t\t<dt class='gallery-icon landscape'>\n\t\t\t\t<a href='https:\/\/www.la-cerisaie.net\/wp-inside\/uploads\/2015\/10\/IMG_9841.jpg'><img loading=\"lazy\" decoding=\"async\" width=\"150\" height=\"150\" src=\"https:\/\/www.la-cerisaie.net\/wp-inside\/uploads\/2015\/10\/IMG_9841-150x150.jpg\" class=\"attachment-thumbnail size-thumbnail\" alt=\"\" aria-describedby=\"gallery-1-3384\" srcset=\"https:\/\/www.la-cerisaie.net\/wp-inside\/uploads\/2015\/10\/IMG_9841-150x150.jpg 150w, https:\/\/www.la-cerisaie.net\/wp-inside\/uploads\/2015\/10\/IMG_9841-50x50.jpg 50w\" sizes=\"auto, (max-width: 150px) 100vw, 150px\" \/><\/a>\n\t\t\t<\/dt>\n\t\t\t\t<dd class='wp-caption-text gallery-caption' id='gallery-1-3384'>\n\t\t\t\ten terrasse &#8230;\n\t\t\t\t<\/dd><\/dl><dl class='gallery-item'>\n\t\t\t<dt class='gallery-icon landscape'>\n\t\t\t\t<a href='https:\/\/www.la-cerisaie.net\/wp-inside\/uploads\/2013\/03\/petitsd--j2013-002.jpg'><img loading=\"lazy\" decoding=\"async\" width=\"150\" height=\"150\" src=\"https:\/\/www.la-cerisaie.net\/wp-inside\/uploads\/2013\/03\/petitsd--j2013-002-150x150.jpg\" class=\"attachment-thumbnail size-thumbnail\" alt=\"\" aria-describedby=\"gallery-1-3196\" srcset=\"https:\/\/www.la-cerisaie.net\/wp-inside\/uploads\/2013\/03\/petitsd--j2013-002-150x150.jpg 150w, https:\/\/www.la-cerisaie.net\/wp-inside\/uploads\/2013\/03\/petitsd--j2013-002-50x50.jpg 50w\" sizes=\"auto, (max-width: 150px) 100vw, 150px\" \/><\/a>\n\t\t\t<\/dt>\n\t\t\t\t<dd class='wp-caption-text gallery-caption' id='gallery-1-3196'>\n\t\t\t\tLes viennoiseries maison\n\t\t\t\t<\/dd><\/dl><dl class='gallery-item'>\n\t\t\t<dt class='gallery-icon landscape'>\n\t\t\t\t<a href='https:\/\/www.la-cerisaie.net\/wp-inside\/uploads\/2013\/03\/petitsd--j2013-003.jpg'><img loading=\"lazy\" decoding=\"async\" width=\"150\" height=\"150\" src=\"https:\/\/www.la-cerisaie.net\/wp-inside\/uploads\/2013\/03\/petitsd--j2013-003-150x150.jpg\" class=\"attachment-thumbnail size-thumbnail\" alt=\"\" aria-describedby=\"gallery-1-3198\" srcset=\"https:\/\/www.la-cerisaie.net\/wp-inside\/uploads\/2013\/03\/petitsd--j2013-003-150x150.jpg 150w, https:\/\/www.la-cerisaie.net\/wp-inside\/uploads\/2013\/03\/petitsd--j2013-003-50x50.jpg 50w\" sizes=\"auto, (max-width: 150px) 100vw, 150px\" \/><\/a>\n\t\t\t<\/dt>\n\t\t\t\t<dd class='wp-caption-text gallery-caption' id='gallery-1-3198'>\n\t\t\t\tles kougelhopfs &#8230;\n\t\t\t\t<\/dd><\/dl><dl class='gallery-item'>\n\t\t\t<dt class='gallery-icon portrait'>\n\t\t\t\t<a href='https:\/\/www.la-cerisaie.net\/wp-inside\/uploads\/2015\/10\/DSCN0654.jpg'><img loading=\"lazy\" decoding=\"async\" width=\"150\" height=\"150\" src=\"https:\/\/www.la-cerisaie.net\/wp-inside\/uploads\/2015\/10\/DSCN0654-150x150.jpg\" class=\"attachment-thumbnail size-thumbnail\" alt=\"\" srcset=\"https:\/\/www.la-cerisaie.net\/wp-inside\/uploads\/2015\/10\/DSCN0654-150x150.jpg 150w, https:\/\/www.la-cerisaie.net\/wp-inside\/uploads\/2015\/10\/DSCN0654-50x50.jpg 50w\" sizes=\"auto, (max-width: 150px) 100vw, 150px\" \/><\/a>\n\t\t\t<\/dt><\/dl><dl class='gallery-item'>\n\t\t\t<dt class='gallery-icon portrait'>\n\t\t\t\t<a href='https:\/\/www.la-cerisaie.net\/wp-inside\/uploads\/2015\/10\/DSCN0636-1.jpg'><img loading=\"lazy\" decoding=\"async\" width=\"150\" height=\"150\" src=\"https:\/\/www.la-cerisaie.net\/wp-inside\/uploads\/2015\/10\/DSCN0636-1-150x150.jpg\" class=\"attachment-thumbnail size-thumbnail\" alt=\"\" srcset=\"https:\/\/www.la-cerisaie.net\/wp-inside\/uploads\/2015\/10\/DSCN0636-1-150x150.jpg 150w, https:\/\/www.la-cerisaie.net\/wp-inside\/uploads\/2015\/10\/DSCN0636-1-50x50.jpg 50w\" sizes=\"auto, (max-width: 150px) 100vw, 150px\" \/><\/a>\n\t\t\t<\/dt><\/dl><br style=\"clear: both\" \/><dl class='gallery-item'>\n\t\t\t<dt class='gallery-icon portrait'>\n\t\t\t\t<a href='https:\/\/www.la-cerisaie.net\/wp-inside\/uploads\/2015\/10\/DSCN0619-1.jpg'><img loading=\"lazy\" decoding=\"async\" width=\"150\" height=\"150\" src=\"https:\/\/www.la-cerisaie.net\/wp-inside\/uploads\/2015\/10\/DSCN0619-1-150x150.jpg\" class=\"attachment-thumbnail size-thumbnail\" alt=\"\" srcset=\"https:\/\/www.la-cerisaie.net\/wp-inside\/uploads\/2015\/10\/DSCN0619-1-150x150.jpg 150w, https:\/\/www.la-cerisaie.net\/wp-inside\/uploads\/2015\/10\/DSCN0619-1-50x50.jpg 50w\" sizes=\"auto, (max-width: 150px) 100vw, 150px\" \/><\/a>\n\t\t\t<\/dt><\/dl><dl class='gallery-item'>\n\t\t\t<dt class='gallery-icon portrait'>\n\t\t\t\t<a href='https:\/\/www.la-cerisaie.net\/wp-inside\/uploads\/2015\/10\/DSCN0637-1.jpg'><img loading=\"lazy\" decoding=\"async\" width=\"150\" height=\"150\" src=\"https:\/\/www.la-cerisaie.net\/wp-inside\/uploads\/2015\/10\/DSCN0637-1-150x150.jpg\" class=\"attachment-thumbnail size-thumbnail\" alt=\"\" srcset=\"https:\/\/www.la-cerisaie.net\/wp-inside\/uploads\/2015\/10\/DSCN0637-1-150x150.jpg 150w, https:\/\/www.la-cerisaie.net\/wp-inside\/uploads\/2015\/10\/DSCN0637-1-50x50.jpg 50w\" sizes=\"auto, (max-width: 150px) 100vw, 150px\" \/><\/a>\n\t\t\t<\/dt><\/dl><dl class='gallery-item'>\n\t\t\t<dt class='gallery-icon landscape'>\n\t\t\t\t<a href='https:\/\/www.la-cerisaie.net\/wp-inside\/uploads\/2015\/10\/PETITDEJDEC2015-005.jpg'><img loading=\"lazy\" decoding=\"async\" width=\"150\" height=\"150\" src=\"https:\/\/www.la-cerisaie.net\/wp-inside\/uploads\/2015\/10\/PETITDEJDEC2015-005-150x150.jpg\" class=\"attachment-thumbnail size-thumbnail\" alt=\"\" srcset=\"https:\/\/www.la-cerisaie.net\/wp-inside\/uploads\/2015\/10\/PETITDEJDEC2015-005-150x150.jpg 150w, https:\/\/www.la-cerisaie.net\/wp-inside\/uploads\/2015\/10\/PETITDEJDEC2015-005-50x50.jpg 50w\" sizes=\"auto, (max-width: 150px) 100vw, 150px\" \/><\/a>\n\t\t\t<\/dt><\/dl><dl class='gallery-item'>\n\t\t\t<dt class='gallery-icon landscape'>\n\t\t\t\t<a href='https:\/\/www.la-cerisaie.net\/wp-inside\/uploads\/2015\/10\/IMG_9841-1.jpg'><img loading=\"lazy\" decoding=\"async\" width=\"150\" height=\"150\" src=\"https:\/\/www.la-cerisaie.net\/wp-inside\/uploads\/2015\/10\/IMG_9841-1-150x150.jpg\" class=\"attachment-thumbnail size-thumbnail\" alt=\"\" srcset=\"https:\/\/www.la-cerisaie.net\/wp-inside\/uploads\/2015\/10\/IMG_9841-1-150x150.jpg 150w, https:\/\/www.la-cerisaie.net\/wp-inside\/uploads\/2015\/10\/IMG_9841-1-50x50.jpg 50w\" sizes=\"auto, (max-width: 150px) 100vw, 150px\" \/><\/a>\n\t\t\t<\/dt><\/dl>\n\t\t\t<br style='clear: both' \/>\n\t\t<\/div>\n\n","protected":false},"excerpt":{"rendered":"<p>Das Fr\u00fchst\u00fcck, der ersten guten Moment des Tages ! Astrid bereitet Ihnen sehr gerne jeden Morgen ein sch\u00f6nes Fr\u00fchst\u00fccksbuffet. Das Fr\u00fchst\u00fcck in der Cerisaie ist immer eine sch\u00f6ne Umtauschszene unter den G\u00e4sten die alles geniessen k\u00f6nnen, der gute Kaffee, das Geb\u00e4ck von Astrid ohne die gute Hausgemachte Konfitueren zu vergessen [&hellip;]<\/p>\n","protected":false},"author":2,"featured_media":0,"parent":268,"menu_order":0,"comment_status":"closed","ping_status":"closed","template":"","meta":{"footnotes":""},"class_list":["post-1800","page","type-page","status-publish","hentry"],"yoast_head":"<!-- This site is optimized with the Yoast SEO plugin v27.5 - https:\/\/yoast.com\/product\/yoast-seo-wordpress\/ -->\n<title>Fr\u00fchst\u00fcck - La Cerisaie<\/title>\n<meta name=\"robots\" content=\"index, follow, max-snippet:-1, max-image-preview:large, max-video-preview:-1\" \/>\n<link rel=\"canonical\" href=\"https:\/\/www.la-cerisaie.net\/de\/tisch-hotes\/fruhstuck\/\" \/>\n<meta property=\"og:locale\" content=\"de_DE\" \/>\n<meta property=\"og:type\" content=\"article\" \/>\n<meta property=\"og:title\" content=\"Fr\u00fchst\u00fcck - La Cerisaie\" \/>\n<meta property=\"og:description\" content=\"Das Fr\u00fchst\u00fcck, der ersten guten Moment des Tages ! Astrid bereitet Ihnen sehr gerne jeden Morgen ein sch\u00f6nes Fr\u00fchst\u00fccksbuffet. Das Fr\u00fchst\u00fcck in der Cerisaie ist immer eine sch\u00f6ne Umtauschszene unter den G\u00e4sten die alles geniessen k\u00f6nnen, der gute Kaffee, das Geb\u00e4ck von Astrid ohne die gute Hausgemachte Konfitueren zu vergessen [&hellip;]\" \/>\n<meta property=\"og:url\" content=\"https:\/\/www.la-cerisaie.net\/de\/tisch-hotes\/fruhstuck\/\" \/>\n<meta property=\"og:site_name\" content=\"La Cerisaie\" \/>\n<meta property=\"article:modified_time\" content=\"2016-02-10T10:23:51+00:00\" \/>\n<meta property=\"og:image\" content=\"http:\/\/www.la-cerisaie.net\/wp-inside\/uploads\/2015\/10\/IMG_9841-150x150.jpg\" \/>\n<meta name=\"twitter:card\" content=\"summary_large_image\" \/>\n<meta name=\"twitter:label1\" content=\"Gesch\u00e4tzte Lesezeit\" \/>\n\t<meta name=\"twitter:data1\" content=\"1\u00a0Minute\" \/>\n<script type=\"application\/ld+json\" class=\"yoast-schema-graph\">{\"@context\":\"https:\\\/\\\/schema.org\",\"@graph\":[{\"@type\":\"WebPage\",\"@id\":\"https:\\\/\\\/www.la-cerisaie.net\\\/de\\\/tisch-hotes\\\/fruhstuck\\\/\",\"url\":\"https:\\\/\\\/www.la-cerisaie.net\\\/de\\\/tisch-hotes\\\/fruhstuck\\\/\",\"name\":\"Fr\u00fchst\u00fcck - La Cerisaie\",\"isPartOf\":{\"@id\":\"http:\\\/\\\/www.la-cerisaie.net\\\/de\\\/#website\"},\"datePublished\":\"2015-10-16T13:05:16+00:00\",\"dateModified\":\"2016-02-10T10:23:51+00:00\",\"breadcrumb\":{\"@id\":\"https:\\\/\\\/www.la-cerisaie.net\\\/de\\\/tisch-hotes\\\/fruhstuck\\\/#breadcrumb\"},\"inLanguage\":\"de\",\"potentialAction\":[{\"@type\":\"ReadAction\",\"target\":[\"https:\\\/\\\/www.la-cerisaie.net\\\/de\\\/tisch-hotes\\\/fruhstuck\\\/\"]}]},{\"@type\":\"BreadcrumbList\",\"@id\":\"https:\\\/\\\/www.la-cerisaie.net\\\/de\\\/tisch-hotes\\\/fruhstuck\\\/#breadcrumb\",\"itemListElement\":[{\"@type\":\"ListItem\",\"position\":1,\"name\":\"Accueil\",\"item\":\"http:\\\/\\\/www.la-cerisaie.net\\\/de\\\/\"},{\"@type\":\"ListItem\",\"position\":2,\"name\":\"Die Umgebung\",\"item\":\"http:\\\/\\\/www.la-cerisaie.net\\\/de\\\/tisch-hotes\\\/\"},{\"@type\":\"ListItem\",\"position\":3,\"name\":\"Fr\u00fchst\u00fcck\"}]},{\"@type\":\"WebSite\",\"@id\":\"http:\\\/\\\/www.la-cerisaie.net\\\/de\\\/#website\",\"url\":\"http:\\\/\\\/www.la-cerisaie.net\\\/de\\\/\",\"name\":\"La Cerisaie\",\"description\":\"Chambres d&#039;h\u00f4tes en Alsace\",\"potentialAction\":[{\"@type\":\"SearchAction\",\"target\":{\"@type\":\"EntryPoint\",\"urlTemplate\":\"http:\\\/\\\/www.la-cerisaie.net\\\/de\\\/?s={search_term_string}\"},\"query-input\":{\"@type\":\"PropertyValueSpecification\",\"valueRequired\":true,\"valueName\":\"search_term_string\"}}],\"inLanguage\":\"de\"}]}<\/script>\n<!-- \/ Yoast SEO plugin. -->","yoast_head_json":{"title":"Fr\u00fchst\u00fcck - La Cerisaie","robots":{"index":"index","follow":"follow","max-snippet":"max-snippet:-1","max-image-preview":"max-image-preview:large","max-video-preview":"max-video-preview:-1"},"canonical":"https:\/\/www.la-cerisaie.net\/de\/tisch-hotes\/fruhstuck\/","og_locale":"de_DE","og_type":"article","og_title":"Fr\u00fchst\u00fcck - La Cerisaie","og_description":"Das Fr\u00fchst\u00fcck, der ersten guten Moment des Tages ! Astrid bereitet Ihnen sehr gerne jeden Morgen ein sch\u00f6nes Fr\u00fchst\u00fccksbuffet. Das Fr\u00fchst\u00fcck in der Cerisaie ist immer eine sch\u00f6ne Umtauschszene unter den G\u00e4sten die alles geniessen k\u00f6nnen, der gute Kaffee, das Geb\u00e4ck von Astrid ohne die gute Hausgemachte Konfitueren zu vergessen [&hellip;]","og_url":"https:\/\/www.la-cerisaie.net\/de\/tisch-hotes\/fruhstuck\/","og_site_name":"La Cerisaie","article_modified_time":"2016-02-10T10:23:51+00:00","og_image":[{"url":"http:\/\/www.la-cerisaie.net\/wp-inside\/uploads\/2015\/10\/IMG_9841-150x150.jpg","type":"","width":"","height":""}],"twitter_card":"summary_large_image","twitter_misc":{"Gesch\u00e4tzte Lesezeit":"1\u00a0Minute"},"schema":{"@context":"https:\/\/schema.org","@graph":[{"@type":"WebPage","@id":"https:\/\/www.la-cerisaie.net\/de\/tisch-hotes\/fruhstuck\/","url":"https:\/\/www.la-cerisaie.net\/de\/tisch-hotes\/fruhstuck\/","name":"Fr\u00fchst\u00fcck - La Cerisaie","isPartOf":{"@id":"http:\/\/www.la-cerisaie.net\/de\/#website"},"datePublished":"2015-10-16T13:05:16+00:00","dateModified":"2016-02-10T10:23:51+00:00","breadcrumb":{"@id":"https:\/\/www.la-cerisaie.net\/de\/tisch-hotes\/fruhstuck\/#breadcrumb"},"inLanguage":"de","potentialAction":[{"@type":"ReadAction","target":["https:\/\/www.la-cerisaie.net\/de\/tisch-hotes\/fruhstuck\/"]}]},{"@type":"BreadcrumbList","@id":"https:\/\/www.la-cerisaie.net\/de\/tisch-hotes\/fruhstuck\/#breadcrumb","itemListElement":[{"@type":"ListItem","position":1,"name":"Accueil","item":"http:\/\/www.la-cerisaie.net\/de\/"},{"@type":"ListItem","position":2,"name":"Die Umgebung","item":"http:\/\/www.la-cerisaie.net\/de\/tisch-hotes\/"},{"@type":"ListItem","position":3,"name":"Fr\u00fchst\u00fcck"}]},{"@type":"WebSite","@id":"http:\/\/www.la-cerisaie.net\/de\/#website","url":"http:\/\/www.la-cerisaie.net\/de\/","name":"La Cerisaie","description":"Chambres d&#039;h\u00f4tes en Alsace","potentialAction":[{"@type":"SearchAction","target":{"@type":"EntryPoint","urlTemplate":"http:\/\/www.la-cerisaie.net\/de\/?s={search_term_string}"},"query-input":{"@type":"PropertyValueSpecification","valueRequired":true,"valueName":"search_term_string"}}],"inLanguage":"de"}]}},"_links":{"self":[{"href":"https:\/\/www.la-cerisaie.net\/de\/wp-json\/wp\/v2\/pages\/1800","targetHints":{"allow":["GET"]}}],"collection":[{"href":"https:\/\/www.la-cerisaie.net\/de\/wp-json\/wp\/v2\/pages"}],"about":[{"href":"https:\/\/www.la-cerisaie.net\/de\/wp-json\/wp\/v2\/types\/page"}],"author":[{"embeddable":true,"href":"https:\/\/www.la-cerisaie.net\/de\/wp-json\/wp\/v2\/users\/2"}],"replies":[{"embeddable":true,"href":"https:\/\/www.la-cerisaie.net\/de\/wp-json\/wp\/v2\/comments?post=1800"}],"version-history":[{"count":5,"href":"https:\/\/www.la-cerisaie.net\/de\/wp-json\/wp\/v2\/pages\/1800\/revisions"}],"predecessor-version":[{"id":2369,"href":"https:\/\/www.la-cerisaie.net\/de\/wp-json\/wp\/v2\/pages\/1800\/revisions\/2369"}],"up":[{"embeddable":true,"href":"https:\/\/www.la-cerisaie.net\/de\/wp-json\/wp\/v2\/pages\/268"}],"wp:attachment":[{"href":"https:\/\/www.la-cerisaie.net\/de\/wp-json\/wp\/v2\/media?parent=1800"}],"curies":[{"name":"wp","href":"https:\/\/api.w.org\/{rel}","templated":true}]}}