{"id":205,"date":"2013-04-09T11:06:58","date_gmt":"2013-04-09T10:06:58","guid":{"rendered":"https:\/\/www.la-cerisaie.net\/?page_id=205"},"modified":"2015-10-19T13:48:30","modified_gmt":"2015-10-19T12:48:30","slug":"ereignisse","status":"publish","type":"page","link":"https:\/\/www.la-cerisaie.net\/de\/lage-aktivitaeten\/ereignisse\/","title":{"rendered":"Ereignisse"},"content":{"rendered":"<h2>Euromineral &#8211; Juni<b><br \/>\n<\/b><\/h2>\n<p>Drittgr\u00f6ssteSteinmesse der Welt nach Tucson (Arizona) und M\u00fcnchen (Deutschland) &#8211; Sainte Marie aux Mines<\/p>\n<h2>Europ\u00e4isches Patchwork-Treffen &#8211; September<b><br \/>\n<\/b><\/h2>\n<p>Das Elsass ist die Wiege der Amischen Bewegung. Aus diesem Grunde findet seit \u00fcber 15 Jahren der gr\u00f6sste dem Patchwork gewidmete Markt Europas in Sainte Marie auxMines statt. Ausstellungen, Kurse, Konferenzen, Boutiquen, Modeschauen&#8230; &#8211; Sainte Marie aux Mines<\/p>\n<h2>Rallye<\/h2>\n<p>Rallye im Elsass &#8211; Oktober<\/p>\n<p>&nbsp;<\/p>\n<p>&nbsp;<\/p>\n","protected":false},"excerpt":{"rendered":"<p>Euromineral &#8211; Juni Drittgr\u00f6ssteSteinmesse der Welt nach Tucson (Arizona) und M\u00fcnchen (Deutschland) &#8211; Sainte Marie aux Mines Europ\u00e4isches Patchwork-Treffen &#8211; September Das Elsass ist die Wiege der Amischen Bewegung. Aus diesem Grunde findet seit \u00fcber 15 Jahren der gr\u00f6sste dem Patchwork gewidmete Markt Europas in Sainte Marie auxMines statt. Ausstellungen, [&hellip;]<\/p>\n","protected":false},"author":2,"featured_media":0,"parent":199,"menu_order":0,"comment_status":"open","ping_status":"closed","template":"","meta":{"footnotes":""},"class_list":["post-205","page","type-page","status-publish","hentry"],"yoast_head":"<!-- This site is optimized with the Yoast SEO plugin v27.4 - https:\/\/yoast.com\/product\/yoast-seo-wordpress\/ -->\n<title>Minerale Fest &amp; Patchwork Elsass Bas-Rhin | Die Cerisaie<\/title>\n<meta name=\"description\" content=\"Die Cerisaie bietet Ihnen eine Unterkunft f\u00fcr\u00a0: Euromineral, Europ\u00e4isches Patchwork-Treffen, Rallye de France.\" \/>\n<meta name=\"robots\" content=\"index, follow, max-snippet:-1, max-image-preview:large, max-video-preview:-1\" \/>\n<link rel=\"canonical\" href=\"https:\/\/www.la-cerisaie.net\/de\/lage-aktivitaeten\/ereignisse\/\" \/>\n<meta property=\"og:locale\" content=\"de_DE\" \/>\n<meta property=\"og:type\" content=\"article\" \/>\n<meta property=\"og:title\" content=\"Minerale Fest &amp; Patchwork Elsass Bas-Rhin | Die Cerisaie\" \/>\n<meta property=\"og:description\" content=\"Die Cerisaie bietet Ihnen eine Unterkunft f\u00fcr\u00a0: Euromineral, Europ\u00e4isches Patchwork-Treffen, Rallye de France.\" \/>\n<meta property=\"og:url\" content=\"https:\/\/www.la-cerisaie.net\/de\/lage-aktivitaeten\/ereignisse\/\" \/>\n<meta property=\"og:site_name\" content=\"La Cerisaie\" \/>\n<meta property=\"article:modified_time\" content=\"2015-10-19T12:48:30+00:00\" \/>\n<meta name=\"twitter:card\" content=\"summary_large_image\" \/>\n<script type=\"application\/ld+json\" class=\"yoast-schema-graph\">{\"@context\":\"https:\\\/\\\/schema.org\",\"@graph\":[{\"@type\":\"WebPage\",\"@id\":\"https:\\\/\\\/www.la-cerisaie.net\\\/de\\\/lage-aktivitaeten\\\/ereignisse\\\/\",\"url\":\"https:\\\/\\\/www.la-cerisaie.net\\\/de\\\/lage-aktivitaeten\\\/ereignisse\\\/\",\"name\":\"Minerale Fest & Patchwork Elsass Bas-Rhin | Die Cerisaie\",\"isPartOf\":{\"@id\":\"http:\\\/\\\/www.la-cerisaie.net\\\/de\\\/#website\"},\"datePublished\":\"2013-04-09T10:06:58+00:00\",\"dateModified\":\"2015-10-19T12:48:30+00:00\",\"description\":\"Die Cerisaie bietet Ihnen eine Unterkunft f\u00fcr\u00a0: Euromineral, Europ\u00e4isches Patchwork-Treffen, Rallye de France.\",\"breadcrumb\":{\"@id\":\"https:\\\/\\\/www.la-cerisaie.net\\\/de\\\/lage-aktivitaeten\\\/ereignisse\\\/#breadcrumb\"},\"inLanguage\":\"de\",\"potentialAction\":[{\"@type\":\"ReadAction\",\"target\":[\"https:\\\/\\\/www.la-cerisaie.net\\\/de\\\/lage-aktivitaeten\\\/ereignisse\\\/\"]}]},{\"@type\":\"BreadcrumbList\",\"@id\":\"https:\\\/\\\/www.la-cerisaie.net\\\/de\\\/lage-aktivitaeten\\\/ereignisse\\\/#breadcrumb\",\"itemListElement\":[{\"@type\":\"ListItem\",\"position\":1,\"name\":\"Accueil\",\"item\":\"http:\\\/\\\/www.la-cerisaie.net\\\/de\\\/\"},{\"@type\":\"ListItem\",\"position\":2,\"name\":\"Sport Entspannung\",\"item\":\"http:\\\/\\\/www.la-cerisaie.net\\\/de\\\/lage-aktivitaeten\\\/\"},{\"@type\":\"ListItem\",\"position\":3,\"name\":\"Ereignisse\"}]},{\"@type\":\"WebSite\",\"@id\":\"http:\\\/\\\/www.la-cerisaie.net\\\/de\\\/#website\",\"url\":\"http:\\\/\\\/www.la-cerisaie.net\\\/de\\\/\",\"name\":\"La Cerisaie\",\"description\":\"Chambres d&#039;h\u00f4tes en Alsace\",\"potentialAction\":[{\"@type\":\"SearchAction\",\"target\":{\"@type\":\"EntryPoint\",\"urlTemplate\":\"http:\\\/\\\/www.la-cerisaie.net\\\/de\\\/?s={search_term_string}\"},\"query-input\":{\"@type\":\"PropertyValueSpecification\",\"valueRequired\":true,\"valueName\":\"search_term_string\"}}],\"inLanguage\":\"de\"}]}<\/script>\n<!-- \/ Yoast SEO plugin. -->","yoast_head_json":{"title":"Minerale Fest & Patchwork Elsass Bas-Rhin | Die Cerisaie","description":"Die Cerisaie bietet Ihnen eine Unterkunft f\u00fcr\u00a0: Euromineral, Europ\u00e4isches Patchwork-Treffen, Rallye de France.","robots":{"index":"index","follow":"follow","max-snippet":"max-snippet:-1","max-image-preview":"max-image-preview:large","max-video-preview":"max-video-preview:-1"},"canonical":"https:\/\/www.la-cerisaie.net\/de\/lage-aktivitaeten\/ereignisse\/","og_locale":"de_DE","og_type":"article","og_title":"Minerale Fest & Patchwork Elsass Bas-Rhin | Die Cerisaie","og_description":"Die Cerisaie bietet Ihnen eine Unterkunft f\u00fcr\u00a0: Euromineral, Europ\u00e4isches Patchwork-Treffen, Rallye de France.","og_url":"https:\/\/www.la-cerisaie.net\/de\/lage-aktivitaeten\/ereignisse\/","og_site_name":"La Cerisaie","article_modified_time":"2015-10-19T12:48:30+00:00","twitter_card":"summary_large_image","schema":{"@context":"https:\/\/schema.org","@graph":[{"@type":"WebPage","@id":"https:\/\/www.la-cerisaie.net\/de\/lage-aktivitaeten\/ereignisse\/","url":"https:\/\/www.la-cerisaie.net\/de\/lage-aktivitaeten\/ereignisse\/","name":"Minerale Fest & Patchwork Elsass Bas-Rhin | Die Cerisaie","isPartOf":{"@id":"http:\/\/www.la-cerisaie.net\/de\/#website"},"datePublished":"2013-04-09T10:06:58+00:00","dateModified":"2015-10-19T12:48:30+00:00","description":"Die Cerisaie bietet Ihnen eine Unterkunft f\u00fcr\u00a0: Euromineral, Europ\u00e4isches Patchwork-Treffen, Rallye de France.","breadcrumb":{"@id":"https:\/\/www.la-cerisaie.net\/de\/lage-aktivitaeten\/ereignisse\/#breadcrumb"},"inLanguage":"de","potentialAction":[{"@type":"ReadAction","target":["https:\/\/www.la-cerisaie.net\/de\/lage-aktivitaeten\/ereignisse\/"]}]},{"@type":"BreadcrumbList","@id":"https:\/\/www.la-cerisaie.net\/de\/lage-aktivitaeten\/ereignisse\/#breadcrumb","itemListElement":[{"@type":"ListItem","position":1,"name":"Accueil","item":"http:\/\/www.la-cerisaie.net\/de\/"},{"@type":"ListItem","position":2,"name":"Sport Entspannung","item":"http:\/\/www.la-cerisaie.net\/de\/lage-aktivitaeten\/"},{"@type":"ListItem","position":3,"name":"Ereignisse"}]},{"@type":"WebSite","@id":"http:\/\/www.la-cerisaie.net\/de\/#website","url":"http:\/\/www.la-cerisaie.net\/de\/","name":"La Cerisaie","description":"Chambres d&#039;h\u00f4tes en Alsace","potentialAction":[{"@type":"SearchAction","target":{"@type":"EntryPoint","urlTemplate":"http:\/\/www.la-cerisaie.net\/de\/?s={search_term_string}"},"query-input":{"@type":"PropertyValueSpecification","valueRequired":true,"valueName":"search_term_string"}}],"inLanguage":"de"}]}},"_links":{"self":[{"href":"https:\/\/www.la-cerisaie.net\/de\/wp-json\/wp\/v2\/pages\/205","targetHints":{"allow":["GET"]}}],"collection":[{"href":"https:\/\/www.la-cerisaie.net\/de\/wp-json\/wp\/v2\/pages"}],"about":[{"href":"https:\/\/www.la-cerisaie.net\/de\/wp-json\/wp\/v2\/types\/page"}],"author":[{"embeddable":true,"href":"https:\/\/www.la-cerisaie.net\/de\/wp-json\/wp\/v2\/users\/2"}],"replies":[{"embeddable":true,"href":"https:\/\/www.la-cerisaie.net\/de\/wp-json\/wp\/v2\/comments?post=205"}],"version-history":[{"count":1,"href":"https:\/\/www.la-cerisaie.net\/de\/wp-json\/wp\/v2\/pages\/205\/revisions"}],"predecessor-version":[{"id":1780,"href":"https:\/\/www.la-cerisaie.net\/de\/wp-json\/wp\/v2\/pages\/205\/revisions\/1780"}],"up":[{"embeddable":true,"href":"https:\/\/www.la-cerisaie.net\/de\/wp-json\/wp\/v2\/pages\/199"}],"wp:attachment":[{"href":"https:\/\/www.la-cerisaie.net\/de\/wp-json\/wp\/v2\/media?parent=205"}],"curies":[{"name":"wp","href":"https:\/\/api.w.org\/{rel}","templated":true}]}}