{"id":2125,"date":"2015-10-19T15:56:03","date_gmt":"2015-10-19T14:56:03","guid":{"rendered":"https:\/\/www.la-cerisaie.net\/de\/?page_id=2125"},"modified":"2015-10-21T09:20:05","modified_gmt":"2015-10-21T08:20:05","slug":"ferienwohnung","status":"publish","type":"page","link":"https:\/\/www.la-cerisaie.net\/de\/ferienwohnung\/","title":{"rendered":"Ferienwohnung"},"content":{"rendered":"","protected":false},"excerpt":{"rendered":"","protected":false},"author":2,"featured_media":0,"parent":0,"menu_order":0,"comment_status":"closed","ping_status":"closed","template":"one-room-list-la-cerisaie-gites.php","meta":{"footnotes":""},"class_list":["post-2125","page","type-page","status-publish","hentry"],"yoast_head":"<!-- This site is optimized with the Yoast SEO plugin v27.5 - https:\/\/yoast.com\/product\/yoast-seo-wordpress\/ -->\n<title>G\u00e4stezimmer Elsass, Ferienwohnung - G\u00eete de France | Die Cerisaie<\/title>\n<meta name=\"description\" content=\"Die Cerisaie bietet 2 r\u00e4umige Ferienwohnungen in Breitenbach, Elsass, ein Bergdorf am F\u00fcss vom Champ du Feu, in ruhige Waldlage.\" \/>\n<meta name=\"robots\" content=\"index, follow, max-snippet:-1, max-image-preview:large, max-video-preview:-1\" \/>\n<link rel=\"canonical\" href=\"https:\/\/www.la-cerisaie.net\/de\/ferienwohnung\/\" \/>\n<meta property=\"og:locale\" content=\"de_DE\" \/>\n<meta property=\"og:type\" content=\"article\" \/>\n<meta property=\"og:title\" content=\"G\u00e4stezimmer Elsass, Ferienwohnung - G\u00eete de France | Die Cerisaie\" \/>\n<meta property=\"og:description\" content=\"Die Cerisaie bietet 2 r\u00e4umige Ferienwohnungen in Breitenbach, Elsass, ein Bergdorf am F\u00fcss vom Champ du Feu, in ruhige Waldlage.\" \/>\n<meta property=\"og:url\" content=\"https:\/\/www.la-cerisaie.net\/de\/ferienwohnung\/\" \/>\n<meta property=\"og:site_name\" content=\"La Cerisaie\" \/>\n<meta property=\"article:modified_time\" content=\"2015-10-21T08:20:05+00:00\" \/>\n<meta name=\"twitter:card\" content=\"summary_large_image\" \/>\n<script type=\"application\/ld+json\" class=\"yoast-schema-graph\">{\"@context\":\"https:\\\/\\\/schema.org\",\"@graph\":[{\"@type\":\"WebPage\",\"@id\":\"https:\\\/\\\/www.la-cerisaie.net\\\/de\\\/ferienwohnung\\\/\",\"url\":\"https:\\\/\\\/www.la-cerisaie.net\\\/de\\\/ferienwohnung\\\/\",\"name\":\"G\u00e4stezimmer Elsass, Ferienwohnung - G\u00eete de France | Die Cerisaie\",\"isPartOf\":{\"@id\":\"http:\\\/\\\/www.la-cerisaie.net\\\/de\\\/#website\"},\"datePublished\":\"2015-10-19T14:56:03+00:00\",\"dateModified\":\"2015-10-21T08:20:05+00:00\",\"description\":\"Die Cerisaie bietet 2 r\u00e4umige Ferienwohnungen in Breitenbach, Elsass, ein Bergdorf am F\u00fcss vom Champ du Feu, in ruhige Waldlage.\",\"breadcrumb\":{\"@id\":\"https:\\\/\\\/www.la-cerisaie.net\\\/de\\\/ferienwohnung\\\/#breadcrumb\"},\"inLanguage\":\"de\",\"potentialAction\":[{\"@type\":\"ReadAction\",\"target\":[\"https:\\\/\\\/www.la-cerisaie.net\\\/de\\\/ferienwohnung\\\/\"]}]},{\"@type\":\"BreadcrumbList\",\"@id\":\"https:\\\/\\\/www.la-cerisaie.net\\\/de\\\/ferienwohnung\\\/#breadcrumb\",\"itemListElement\":[{\"@type\":\"ListItem\",\"position\":1,\"name\":\"Accueil\",\"item\":\"http:\\\/\\\/www.la-cerisaie.net\\\/de\\\/\"},{\"@type\":\"ListItem\",\"position\":2,\"name\":\"Ferienwohnung\"}]},{\"@type\":\"WebSite\",\"@id\":\"http:\\\/\\\/www.la-cerisaie.net\\\/de\\\/#website\",\"url\":\"http:\\\/\\\/www.la-cerisaie.net\\\/de\\\/\",\"name\":\"La Cerisaie\",\"description\":\"Chambres d&#039;h\u00f4tes en Alsace\",\"potentialAction\":[{\"@type\":\"SearchAction\",\"target\":{\"@type\":\"EntryPoint\",\"urlTemplate\":\"http:\\\/\\\/www.la-cerisaie.net\\\/de\\\/?s={search_term_string}\"},\"query-input\":{\"@type\":\"PropertyValueSpecification\",\"valueRequired\":true,\"valueName\":\"search_term_string\"}}],\"inLanguage\":\"de\"}]}<\/script>\n<!-- \/ Yoast SEO plugin. -->","yoast_head_json":{"title":"G\u00e4stezimmer Elsass, Ferienwohnung - G\u00eete de France | Die Cerisaie","description":"Die Cerisaie bietet 2 r\u00e4umige Ferienwohnungen in Breitenbach, Elsass, ein Bergdorf am F\u00fcss vom Champ du Feu, in ruhige Waldlage.","robots":{"index":"index","follow":"follow","max-snippet":"max-snippet:-1","max-image-preview":"max-image-preview:large","max-video-preview":"max-video-preview:-1"},"canonical":"https:\/\/www.la-cerisaie.net\/de\/ferienwohnung\/","og_locale":"de_DE","og_type":"article","og_title":"G\u00e4stezimmer Elsass, Ferienwohnung - G\u00eete de France | Die Cerisaie","og_description":"Die Cerisaie bietet 2 r\u00e4umige Ferienwohnungen in Breitenbach, Elsass, ein Bergdorf am F\u00fcss vom Champ du Feu, in ruhige Waldlage.","og_url":"https:\/\/www.la-cerisaie.net\/de\/ferienwohnung\/","og_site_name":"La Cerisaie","article_modified_time":"2015-10-21T08:20:05+00:00","twitter_card":"summary_large_image","schema":{"@context":"https:\/\/schema.org","@graph":[{"@type":"WebPage","@id":"https:\/\/www.la-cerisaie.net\/de\/ferienwohnung\/","url":"https:\/\/www.la-cerisaie.net\/de\/ferienwohnung\/","name":"G\u00e4stezimmer Elsass, Ferienwohnung - G\u00eete de France | Die Cerisaie","isPartOf":{"@id":"http:\/\/www.la-cerisaie.net\/de\/#website"},"datePublished":"2015-10-19T14:56:03+00:00","dateModified":"2015-10-21T08:20:05+00:00","description":"Die Cerisaie bietet 2 r\u00e4umige Ferienwohnungen in Breitenbach, Elsass, ein Bergdorf am F\u00fcss vom Champ du Feu, in ruhige Waldlage.","breadcrumb":{"@id":"https:\/\/www.la-cerisaie.net\/de\/ferienwohnung\/#breadcrumb"},"inLanguage":"de","potentialAction":[{"@type":"ReadAction","target":["https:\/\/www.la-cerisaie.net\/de\/ferienwohnung\/"]}]},{"@type":"BreadcrumbList","@id":"https:\/\/www.la-cerisaie.net\/de\/ferienwohnung\/#breadcrumb","itemListElement":[{"@type":"ListItem","position":1,"name":"Accueil","item":"http:\/\/www.la-cerisaie.net\/de\/"},{"@type":"ListItem","position":2,"name":"Ferienwohnung"}]},{"@type":"WebSite","@id":"http:\/\/www.la-cerisaie.net\/de\/#website","url":"http:\/\/www.la-cerisaie.net\/de\/","name":"La Cerisaie","description":"Chambres d&#039;h\u00f4tes en Alsace","potentialAction":[{"@type":"SearchAction","target":{"@type":"EntryPoint","urlTemplate":"http:\/\/www.la-cerisaie.net\/de\/?s={search_term_string}"},"query-input":{"@type":"PropertyValueSpecification","valueRequired":true,"valueName":"search_term_string"}}],"inLanguage":"de"}]}},"_links":{"self":[{"href":"https:\/\/www.la-cerisaie.net\/de\/wp-json\/wp\/v2\/pages\/2125","targetHints":{"allow":["GET"]}}],"collection":[{"href":"https:\/\/www.la-cerisaie.net\/de\/wp-json\/wp\/v2\/pages"}],"about":[{"href":"https:\/\/www.la-cerisaie.net\/de\/wp-json\/wp\/v2\/types\/page"}],"author":[{"embeddable":true,"href":"https:\/\/www.la-cerisaie.net\/de\/wp-json\/wp\/v2\/users\/2"}],"replies":[{"embeddable":true,"href":"https:\/\/www.la-cerisaie.net\/de\/wp-json\/wp\/v2\/comments?post=2125"}],"version-history":[{"count":1,"href":"https:\/\/www.la-cerisaie.net\/de\/wp-json\/wp\/v2\/pages\/2125\/revisions"}],"predecessor-version":[{"id":2126,"href":"https:\/\/www.la-cerisaie.net\/de\/wp-json\/wp\/v2\/pages\/2125\/revisions\/2126"}],"wp:attachment":[{"href":"https:\/\/www.la-cerisaie.net\/de\/wp-json\/wp\/v2\/media?parent=2125"}],"curies":[{"name":"wp","href":"https:\/\/api.w.org\/{rel}","templated":true}]}}