{"id":213,"date":"2013-04-09T11:15:24","date_gmt":"2013-04-09T10:15:24","guid":{"rendered":"https:\/\/www.la-cerisaie.net\/?page_id=213"},"modified":"2016-02-10T11:52:15","modified_gmt":"2016-02-10T10:52:15","slug":"tour-alsace","status":"publish","type":"page","link":"https:\/\/www.la-cerisaie.net\/de\/lage-aktivitaeten\/tour-alsace\/","title":{"rendered":"Tour of Alsace"},"content":{"rendered":"<h2>Die St\u00e4dte<\/h2>\n<p><strong>Strasbourg<br \/>\n<\/strong>Hauptstadt des Elsass und auch von Europa.<\/p>\n<p><a href=\"http:\/\/www.strasbourg.fr\/\" target=\"_blank\">www.strasbourg.fr<\/a><\/p>\n<p><strong>S\u00e9lestat<br \/>\n<\/strong>Im Zentrum des Elsass, zwischen Colmar und Strasbourg, mit der ber\u00fchmten Humanistischen Bibliothek, der romanischen Kirche Sainte-Foy sowie der imponierenden, gotischenKirche Sainte Georges.<\/p>\n<p><a href=\"http:\/\/www.pays-alsace-centrale.com\/\" target=\"_blank\">www.pays-alsace-centrale.com<\/a><\/p>\n<p><b>Colmar<br \/>\n<\/b>Zwischen Strasbourg und Mulhouse, ist die dritt gr\u00f6sste Stadt des Elsass mit vielen Sehensw\u00fcrdigkeiten. \u00a0Einunbedingtes Muss ist der Besuch des Unterlindenmuseums, welches zu den meist besuchten Museen Frankreichsgeh\u00f6rt.<\/p>\n<p><a href=\"http:\/\/www.colmar.fr\/\" target=\"_blank\">www.colmar.fr<\/a><\/p>\n<p><b>Ribeauvill\u00e9<br \/>\n<\/b>Mitten in den Reben, ist ein sch\u00f6nes, lebendiges Dorf mit viel Fachwerkbau und seinen drei Schl\u00f6ssern.<\/p>\n<p><strong>Riquewihr<br \/>\n<\/strong>Die \u201cPerle\u201d des Weinberges.<\/p>\n<p><b>Eguisheim<br \/>\n<\/b>Sch\u00f6nes, typischesSt\u00e4dtchen im Elsass, an der Weinstrasse.<\/p>\n<p><b>Kaysersberg<br \/>\n<\/b>Historische, alte Stadt mit viel Fachwerkbau und imperialem Schloss.<\/p>\n<p><b>Bergheim<br \/>\n<\/b>Wunderbares Dorf mi tseh rsch\u00f6nen Winzerh\u00e4usern, vom Wald umrandet.<\/p>\n<p><b>Obernai<br \/>\n<\/b>Heimat von Sainte Odile,\u00a0 Schutzpatronin des Elsass.<\/p>\n<h2>Unsere kleinen D\u00f6rfer im Norden des Elsass wie :<b><br \/>\n<\/b><\/h2>\n<p><b>Dambach la Ville,<\/b> mit seinem grossen Weingut.<\/p>\n<p><b>Eberm\u00fcnster<\/b>, mit der einzigen els\u00e4ssischen Barockkirche aus dem Jahre 1727.<\/p>\n<h2><\/h2>\n","protected":false},"excerpt":{"rendered":"<p>Die St\u00e4dte Strasbourg Hauptstadt des Elsass und auch von Europa. www.strasbourg.fr S\u00e9lestat Im Zentrum des Elsass, zwischen Colmar und Strasbourg, mit der ber\u00fchmten Humanistischen Bibliothek, der romanischen Kirche Sainte-Foy sowie der imponierenden, gotischenKirche Sainte Georges. www.pays-alsace-centrale.com Colmar Zwischen Strasbourg und Mulhouse, ist die dritt gr\u00f6sste Stadt des Elsass mit vielen [&hellip;]<\/p>\n","protected":false},"author":2,"featured_media":0,"parent":199,"menu_order":0,"comment_status":"open","ping_status":"closed","template":"","meta":{"footnotes":""},"class_list":["post-213","page","type-page","status-publish","hentry"],"yoast_head":"<!-- This site is optimized with the Yoast SEO plugin v27.3 - https:\/\/yoast.com\/product\/yoast-seo-wordpress\/ -->\n<title>Schl\u00f6sser, Els\u00e4ssische Weinstrasse Bas-Rhin 67 | Die Cerisaie<\/title>\n<meta name=\"description\" content=\"Die Cerisaie ist wenige kilometer entfernd von der grosse Els\u00e4ssiche St\u00e4dten : eine gute Gelegenheit um die Region zu entdecken.\" \/>\n<meta name=\"robots\" content=\"index, follow, max-snippet:-1, max-image-preview:large, max-video-preview:-1\" \/>\n<link rel=\"canonical\" href=\"https:\/\/www.la-cerisaie.net\/de\/lage-aktivitaeten\/tour-alsace\/\" \/>\n<meta property=\"og:locale\" content=\"de_DE\" \/>\n<meta property=\"og:type\" content=\"article\" \/>\n<meta property=\"og:title\" content=\"Schl\u00f6sser, Els\u00e4ssische Weinstrasse Bas-Rhin 67 | Die Cerisaie\" \/>\n<meta property=\"og:description\" content=\"Die Cerisaie ist wenige kilometer entfernd von der grosse Els\u00e4ssiche St\u00e4dten : eine gute Gelegenheit um die Region zu entdecken.\" \/>\n<meta property=\"og:url\" content=\"https:\/\/www.la-cerisaie.net\/de\/lage-aktivitaeten\/tour-alsace\/\" \/>\n<meta property=\"og:site_name\" content=\"La Cerisaie\" \/>\n<meta property=\"article:modified_time\" content=\"2016-02-10T10:52:15+00:00\" \/>\n<meta name=\"twitter:card\" content=\"summary_large_image\" \/>\n<meta name=\"twitter:label1\" content=\"Gesch\u00e4tzte Lesezeit\" \/>\n\t<meta name=\"twitter:data1\" content=\"1\u00a0Minute\" \/>\n<script type=\"application\/ld+json\" class=\"yoast-schema-graph\">{\"@context\":\"https:\\\/\\\/schema.org\",\"@graph\":[{\"@type\":\"WebPage\",\"@id\":\"https:\\\/\\\/www.la-cerisaie.net\\\/de\\\/lage-aktivitaeten\\\/tour-alsace\\\/\",\"url\":\"https:\\\/\\\/www.la-cerisaie.net\\\/de\\\/lage-aktivitaeten\\\/tour-alsace\\\/\",\"name\":\"Schl\u00f6sser, Els\u00e4ssische Weinstrasse Bas-Rhin 67 | Die Cerisaie\",\"isPartOf\":{\"@id\":\"http:\\\/\\\/www.la-cerisaie.net\\\/de\\\/#website\"},\"datePublished\":\"2013-04-09T10:15:24+00:00\",\"dateModified\":\"2016-02-10T10:52:15+00:00\",\"description\":\"Die Cerisaie ist wenige kilometer entfernd von der grosse Els\u00e4ssiche St\u00e4dten : eine gute Gelegenheit um die Region zu entdecken.\",\"breadcrumb\":{\"@id\":\"https:\\\/\\\/www.la-cerisaie.net\\\/de\\\/lage-aktivitaeten\\\/tour-alsace\\\/#breadcrumb\"},\"inLanguage\":\"de\",\"potentialAction\":[{\"@type\":\"ReadAction\",\"target\":[\"https:\\\/\\\/www.la-cerisaie.net\\\/de\\\/lage-aktivitaeten\\\/tour-alsace\\\/\"]}]},{\"@type\":\"BreadcrumbList\",\"@id\":\"https:\\\/\\\/www.la-cerisaie.net\\\/de\\\/lage-aktivitaeten\\\/tour-alsace\\\/#breadcrumb\",\"itemListElement\":[{\"@type\":\"ListItem\",\"position\":1,\"name\":\"Accueil\",\"item\":\"http:\\\/\\\/www.la-cerisaie.net\\\/de\\\/\"},{\"@type\":\"ListItem\",\"position\":2,\"name\":\"Sport Entspannung\",\"item\":\"http:\\\/\\\/www.la-cerisaie.net\\\/de\\\/lage-aktivitaeten\\\/\"},{\"@type\":\"ListItem\",\"position\":3,\"name\":\"Tourismus\"}]},{\"@type\":\"WebSite\",\"@id\":\"http:\\\/\\\/www.la-cerisaie.net\\\/de\\\/#website\",\"url\":\"http:\\\/\\\/www.la-cerisaie.net\\\/de\\\/\",\"name\":\"La Cerisaie\",\"description\":\"Chambres d&#039;h\u00f4tes en Alsace\",\"potentialAction\":[{\"@type\":\"SearchAction\",\"target\":{\"@type\":\"EntryPoint\",\"urlTemplate\":\"http:\\\/\\\/www.la-cerisaie.net\\\/de\\\/?s={search_term_string}\"},\"query-input\":{\"@type\":\"PropertyValueSpecification\",\"valueRequired\":true,\"valueName\":\"search_term_string\"}}],\"inLanguage\":\"de\"}]}<\/script>\n<!-- \/ Yoast SEO plugin. -->","yoast_head_json":{"title":"Schl\u00f6sser, Els\u00e4ssische Weinstrasse Bas-Rhin 67 | Die Cerisaie","description":"Die Cerisaie ist wenige kilometer entfernd von der grosse Els\u00e4ssiche St\u00e4dten : eine gute Gelegenheit um die Region zu entdecken.","robots":{"index":"index","follow":"follow","max-snippet":"max-snippet:-1","max-image-preview":"max-image-preview:large","max-video-preview":"max-video-preview:-1"},"canonical":"https:\/\/www.la-cerisaie.net\/de\/lage-aktivitaeten\/tour-alsace\/","og_locale":"de_DE","og_type":"article","og_title":"Schl\u00f6sser, Els\u00e4ssische Weinstrasse Bas-Rhin 67 | Die Cerisaie","og_description":"Die Cerisaie ist wenige kilometer entfernd von der grosse Els\u00e4ssiche St\u00e4dten : eine gute Gelegenheit um die Region zu entdecken.","og_url":"https:\/\/www.la-cerisaie.net\/de\/lage-aktivitaeten\/tour-alsace\/","og_site_name":"La Cerisaie","article_modified_time":"2016-02-10T10:52:15+00:00","twitter_card":"summary_large_image","twitter_misc":{"Gesch\u00e4tzte Lesezeit":"1\u00a0Minute"},"schema":{"@context":"https:\/\/schema.org","@graph":[{"@type":"WebPage","@id":"https:\/\/www.la-cerisaie.net\/de\/lage-aktivitaeten\/tour-alsace\/","url":"https:\/\/www.la-cerisaie.net\/de\/lage-aktivitaeten\/tour-alsace\/","name":"Schl\u00f6sser, Els\u00e4ssische Weinstrasse Bas-Rhin 67 | Die Cerisaie","isPartOf":{"@id":"http:\/\/www.la-cerisaie.net\/de\/#website"},"datePublished":"2013-04-09T10:15:24+00:00","dateModified":"2016-02-10T10:52:15+00:00","description":"Die Cerisaie ist wenige kilometer entfernd von der grosse Els\u00e4ssiche St\u00e4dten : eine gute Gelegenheit um die Region zu entdecken.","breadcrumb":{"@id":"https:\/\/www.la-cerisaie.net\/de\/lage-aktivitaeten\/tour-alsace\/#breadcrumb"},"inLanguage":"de","potentialAction":[{"@type":"ReadAction","target":["https:\/\/www.la-cerisaie.net\/de\/lage-aktivitaeten\/tour-alsace\/"]}]},{"@type":"BreadcrumbList","@id":"https:\/\/www.la-cerisaie.net\/de\/lage-aktivitaeten\/tour-alsace\/#breadcrumb","itemListElement":[{"@type":"ListItem","position":1,"name":"Accueil","item":"http:\/\/www.la-cerisaie.net\/de\/"},{"@type":"ListItem","position":2,"name":"Sport Entspannung","item":"http:\/\/www.la-cerisaie.net\/de\/lage-aktivitaeten\/"},{"@type":"ListItem","position":3,"name":"Tourismus"}]},{"@type":"WebSite","@id":"http:\/\/www.la-cerisaie.net\/de\/#website","url":"http:\/\/www.la-cerisaie.net\/de\/","name":"La Cerisaie","description":"Chambres d&#039;h\u00f4tes en Alsace","potentialAction":[{"@type":"SearchAction","target":{"@type":"EntryPoint","urlTemplate":"http:\/\/www.la-cerisaie.net\/de\/?s={search_term_string}"},"query-input":{"@type":"PropertyValueSpecification","valueRequired":true,"valueName":"search_term_string"}}],"inLanguage":"de"}]}},"_links":{"self":[{"href":"https:\/\/www.la-cerisaie.net\/de\/wp-json\/wp\/v2\/pages\/213","targetHints":{"allow":["GET"]}}],"collection":[{"href":"https:\/\/www.la-cerisaie.net\/de\/wp-json\/wp\/v2\/pages"}],"about":[{"href":"https:\/\/www.la-cerisaie.net\/de\/wp-json\/wp\/v2\/types\/page"}],"author":[{"embeddable":true,"href":"https:\/\/www.la-cerisaie.net\/de\/wp-json\/wp\/v2\/users\/2"}],"replies":[{"embeddable":true,"href":"https:\/\/www.la-cerisaie.net\/de\/wp-json\/wp\/v2\/comments?post=213"}],"version-history":[{"count":5,"href":"https:\/\/www.la-cerisaie.net\/de\/wp-json\/wp\/v2\/pages\/213\/revisions"}],"predecessor-version":[{"id":2385,"href":"https:\/\/www.la-cerisaie.net\/de\/wp-json\/wp\/v2\/pages\/213\/revisions\/2385"}],"up":[{"embeddable":true,"href":"https:\/\/www.la-cerisaie.net\/de\/wp-json\/wp\/v2\/pages\/199"}],"wp:attachment":[{"href":"https:\/\/www.la-cerisaie.net\/de\/wp-json\/wp\/v2\/media?parent=213"}],"curies":[{"name":"wp","href":"https:\/\/api.w.org\/{rel}","templated":true}]}}