{"id":2142,"date":"2015-10-20T11:05:32","date_gmt":"2015-10-20T10:05:32","guid":{"rendered":"https:\/\/www.la-cerisaie.net\/de\/?page_id=2142"},"modified":"2020-11-27T12:39:07","modified_gmt":"2020-11-27T11:39:07","slug":"fremdenzimmer","status":"publish","type":"page","link":"https:\/\/www.la-cerisaie.net\/de\/fremdenzimmer\/","title":{"rendered":"Fremdenzimmer"},"content":{"rendered":"","protected":false},"excerpt":{"rendered":"","protected":false},"author":2,"featured_media":0,"parent":0,"menu_order":0,"comment_status":"closed","ping_status":"closed","template":"one-room-list-la-cerisaie-chambres-hotes.php","meta":{"footnotes":""},"class_list":["post-2142","page","type-page","status-publish","hentry"],"yoast_head":"<!-- This site is optimized with the Yoast SEO plugin v27.5 - https:\/\/yoast.com\/product\/yoast-seo-wordpress\/ -->\n<title>Fremdenzimmer Elsass, Bas-Rhin | Die Cerisaie<\/title>\n<meta name=\"description\" content=\"Die Cerisaie bietet Ihnen 5 sch\u00f6ne G\u00e2stezimmer mit (Elsass, Elsa\u00df)\" \/>\n<meta name=\"robots\" content=\"index, follow, max-snippet:-1, max-image-preview:large, max-video-preview:-1\" \/>\n<link rel=\"canonical\" href=\"https:\/\/www.la-cerisaie.net\/de\/fremdenzimmer\/\" \/>\n<meta property=\"og:locale\" content=\"de_DE\" \/>\n<meta property=\"og:type\" content=\"article\" \/>\n<meta property=\"og:title\" content=\"Fremdenzimmer Elsass, Bas-Rhin | Die Cerisaie\" \/>\n<meta property=\"og:description\" content=\"Die Cerisaie bietet Ihnen 5 sch\u00f6ne G\u00e2stezimmer mit (Elsass, Elsa\u00df)\" \/>\n<meta property=\"og:url\" content=\"https:\/\/www.la-cerisaie.net\/de\/fremdenzimmer\/\" \/>\n<meta property=\"og:site_name\" content=\"La Cerisaie\" \/>\n<meta property=\"article:modified_time\" content=\"2020-11-27T11:39:07+00:00\" \/>\n<meta name=\"twitter:card\" content=\"summary_large_image\" \/>\n<script type=\"application\/ld+json\" class=\"yoast-schema-graph\">{\"@context\":\"https:\\\/\\\/schema.org\",\"@graph\":[{\"@type\":\"WebPage\",\"@id\":\"https:\\\/\\\/www.la-cerisaie.net\\\/de\\\/fremdenzimmer\\\/\",\"url\":\"https:\\\/\\\/www.la-cerisaie.net\\\/de\\\/fremdenzimmer\\\/\",\"name\":\"Fremdenzimmer Elsass, Bas-Rhin | Die Cerisaie\",\"isPartOf\":{\"@id\":\"http:\\\/\\\/www.la-cerisaie.net\\\/de\\\/#website\"},\"datePublished\":\"2015-10-20T10:05:32+00:00\",\"dateModified\":\"2020-11-27T11:39:07+00:00\",\"description\":\"Die Cerisaie bietet Ihnen 5 sch\u00f6ne G\u00e2stezimmer mit (Elsass, Elsa\u00df)\",\"breadcrumb\":{\"@id\":\"https:\\\/\\\/www.la-cerisaie.net\\\/de\\\/fremdenzimmer\\\/#breadcrumb\"},\"inLanguage\":\"de\",\"potentialAction\":[{\"@type\":\"ReadAction\",\"target\":[\"https:\\\/\\\/www.la-cerisaie.net\\\/de\\\/fremdenzimmer\\\/\"]}]},{\"@type\":\"BreadcrumbList\",\"@id\":\"https:\\\/\\\/www.la-cerisaie.net\\\/de\\\/fremdenzimmer\\\/#breadcrumb\",\"itemListElement\":[{\"@type\":\"ListItem\",\"position\":1,\"name\":\"Accueil\",\"item\":\"http:\\\/\\\/www.la-cerisaie.net\\\/de\\\/\"},{\"@type\":\"ListItem\",\"position\":2,\"name\":\"Fremdenzimmer\"}]},{\"@type\":\"WebSite\",\"@id\":\"http:\\\/\\\/www.la-cerisaie.net\\\/de\\\/#website\",\"url\":\"http:\\\/\\\/www.la-cerisaie.net\\\/de\\\/\",\"name\":\"La Cerisaie\",\"description\":\"Chambres d&#039;h\u00f4tes en Alsace\",\"potentialAction\":[{\"@type\":\"SearchAction\",\"target\":{\"@type\":\"EntryPoint\",\"urlTemplate\":\"http:\\\/\\\/www.la-cerisaie.net\\\/de\\\/?s={search_term_string}\"},\"query-input\":{\"@type\":\"PropertyValueSpecification\",\"valueRequired\":true,\"valueName\":\"search_term_string\"}}],\"inLanguage\":\"de\"}]}<\/script>\n<!-- \/ Yoast SEO plugin. -->","yoast_head_json":{"title":"Fremdenzimmer Elsass, Bas-Rhin | Die Cerisaie","description":"Die Cerisaie bietet Ihnen 5 sch\u00f6ne G\u00e2stezimmer mit (Elsass, Elsa\u00df)","robots":{"index":"index","follow":"follow","max-snippet":"max-snippet:-1","max-image-preview":"max-image-preview:large","max-video-preview":"max-video-preview:-1"},"canonical":"https:\/\/www.la-cerisaie.net\/de\/fremdenzimmer\/","og_locale":"de_DE","og_type":"article","og_title":"Fremdenzimmer Elsass, Bas-Rhin | Die Cerisaie","og_description":"Die Cerisaie bietet Ihnen 5 sch\u00f6ne G\u00e2stezimmer mit (Elsass, Elsa\u00df)","og_url":"https:\/\/www.la-cerisaie.net\/de\/fremdenzimmer\/","og_site_name":"La Cerisaie","article_modified_time":"2020-11-27T11:39:07+00:00","twitter_card":"summary_large_image","schema":{"@context":"https:\/\/schema.org","@graph":[{"@type":"WebPage","@id":"https:\/\/www.la-cerisaie.net\/de\/fremdenzimmer\/","url":"https:\/\/www.la-cerisaie.net\/de\/fremdenzimmer\/","name":"Fremdenzimmer Elsass, Bas-Rhin | Die Cerisaie","isPartOf":{"@id":"http:\/\/www.la-cerisaie.net\/de\/#website"},"datePublished":"2015-10-20T10:05:32+00:00","dateModified":"2020-11-27T11:39:07+00:00","description":"Die Cerisaie bietet Ihnen 5 sch\u00f6ne G\u00e2stezimmer mit (Elsass, Elsa\u00df)","breadcrumb":{"@id":"https:\/\/www.la-cerisaie.net\/de\/fremdenzimmer\/#breadcrumb"},"inLanguage":"de","potentialAction":[{"@type":"ReadAction","target":["https:\/\/www.la-cerisaie.net\/de\/fremdenzimmer\/"]}]},{"@type":"BreadcrumbList","@id":"https:\/\/www.la-cerisaie.net\/de\/fremdenzimmer\/#breadcrumb","itemListElement":[{"@type":"ListItem","position":1,"name":"Accueil","item":"http:\/\/www.la-cerisaie.net\/de\/"},{"@type":"ListItem","position":2,"name":"Fremdenzimmer"}]},{"@type":"WebSite","@id":"http:\/\/www.la-cerisaie.net\/de\/#website","url":"http:\/\/www.la-cerisaie.net\/de\/","name":"La Cerisaie","description":"Chambres d&#039;h\u00f4tes en Alsace","potentialAction":[{"@type":"SearchAction","target":{"@type":"EntryPoint","urlTemplate":"http:\/\/www.la-cerisaie.net\/de\/?s={search_term_string}"},"query-input":{"@type":"PropertyValueSpecification","valueRequired":true,"valueName":"search_term_string"}}],"inLanguage":"de"}]}},"_links":{"self":[{"href":"https:\/\/www.la-cerisaie.net\/de\/wp-json\/wp\/v2\/pages\/2142","targetHints":{"allow":["GET"]}}],"collection":[{"href":"https:\/\/www.la-cerisaie.net\/de\/wp-json\/wp\/v2\/pages"}],"about":[{"href":"https:\/\/www.la-cerisaie.net\/de\/wp-json\/wp\/v2\/types\/page"}],"author":[{"embeddable":true,"href":"https:\/\/www.la-cerisaie.net\/de\/wp-json\/wp\/v2\/users\/2"}],"replies":[{"embeddable":true,"href":"https:\/\/www.la-cerisaie.net\/de\/wp-json\/wp\/v2\/comments?post=2142"}],"version-history":[{"count":1,"href":"https:\/\/www.la-cerisaie.net\/de\/wp-json\/wp\/v2\/pages\/2142\/revisions"}],"predecessor-version":[{"id":2143,"href":"https:\/\/www.la-cerisaie.net\/de\/wp-json\/wp\/v2\/pages\/2142\/revisions\/2143"}],"wp:attachment":[{"href":"https:\/\/www.la-cerisaie.net\/de\/wp-json\/wp\/v2\/media?parent=2142"}],"curies":[{"name":"wp","href":"https:\/\/api.w.org\/{rel}","templated":true}]}}