{"id":263,"date":"2013-04-09T11:51:37","date_gmt":"2013-04-09T10:51:37","guid":{"rendered":"https:\/\/www.la-cerisaie.net\/?page_id=263"},"modified":"2015-10-16T15:24:18","modified_gmt":"2015-10-16T14:24:18","slug":"gites-de-france","status":"publish","type":"page","link":"https:\/\/www.la-cerisaie.net\/de\/gites-de-france\/","title":{"rendered":"G\u00eetes de France"},"content":{"rendered":"<p><strong>Die 1951 geschaffene Handelsmarke &#8220; Unterk\u00fcnfte von Frankreich &#8220; garantiert Aufnahmenormen, Komfort, Architektur, Dienste und Dekoration. Die labellis\u00e9s Unterk\u00fcnfte sind ungef\u00e4hr alle 5 Jahre neu eingestuft.<\/strong><\/p>\n<p>Die Unterk\u00fcnfte sind den folgenden Kriterien entsprechend (von 1 nach 5 Kolben) geordnet.<\/p>\n<p>Die Unterk\u00fcnfte von Cerisaie profitieren von der Handelsmarke Unterk\u00fcnfte von Frankreich 3 Kolben.<\/p>\n","protected":false},"excerpt":{"rendered":"<p>Die 1951 geschaffene Handelsmarke &#8220; Unterk\u00fcnfte von Frankreich &#8220; garantiert Aufnahmenormen, Komfort, Architektur, Dienste und Dekoration. Die labellis\u00e9s Unterk\u00fcnfte sind ungef\u00e4hr alle 5 Jahre neu eingestuft. Die Unterk\u00fcnfte sind den folgenden Kriterien entsprechend (von 1 nach 5 Kolben) geordnet. Die Unterk\u00fcnfte von Cerisaie profitieren von der Handelsmarke Unterk\u00fcnfte von Frankreich [&hellip;]<\/p>\n","protected":false},"author":2,"featured_media":0,"parent":0,"menu_order":0,"comment_status":"open","ping_status":"open","template":"","meta":{"footnotes":""},"class_list":["post-263","page","type-page","status-publish","hentry"],"yoast_head":"<!-- This site is optimized with the Yoast SEO plugin v27.4 - https:\/\/yoast.com\/product\/yoast-seo-wordpress\/ -->\n<title>Warenzeichen G\u00eetes de France | Die Cerisaie G\u00e4stezimmer Elsass<\/title>\n<meta name=\"robots\" content=\"index, follow, max-snippet:-1, max-image-preview:large, max-video-preview:-1\" \/>\n<link rel=\"canonical\" href=\"https:\/\/www.la-cerisaie.net\/de\/gites-de-france\/\" \/>\n<meta property=\"og:locale\" content=\"de_DE\" \/>\n<meta property=\"og:type\" content=\"article\" \/>\n<meta property=\"og:title\" content=\"Warenzeichen G\u00eetes de France | Die Cerisaie G\u00e4stezimmer Elsass\" \/>\n<meta property=\"og:description\" content=\"Die 1951 geschaffene Handelsmarke &#8220; Unterk\u00fcnfte von Frankreich &#8220; garantiert Aufnahmenormen, Komfort, Architektur, Dienste und Dekoration. Die labellis\u00e9s Unterk\u00fcnfte sind ungef\u00e4hr alle 5 Jahre neu eingestuft. Die Unterk\u00fcnfte sind den folgenden Kriterien entsprechend (von 1 nach 5 Kolben) geordnet. Die Unterk\u00fcnfte von Cerisaie profitieren von der Handelsmarke Unterk\u00fcnfte von Frankreich [&hellip;]\" \/>\n<meta property=\"og:url\" content=\"https:\/\/www.la-cerisaie.net\/de\/gites-de-france\/\" \/>\n<meta property=\"og:site_name\" content=\"La Cerisaie\" \/>\n<meta property=\"article:modified_time\" content=\"2015-10-16T14:24:18+00:00\" \/>\n<meta name=\"twitter:card\" content=\"summary_large_image\" \/>\n<script type=\"application\/ld+json\" class=\"yoast-schema-graph\">{\"@context\":\"https:\\\/\\\/schema.org\",\"@graph\":[{\"@type\":\"WebPage\",\"@id\":\"https:\\\/\\\/www.la-cerisaie.net\\\/de\\\/gites-de-france\\\/\",\"url\":\"https:\\\/\\\/www.la-cerisaie.net\\\/de\\\/gites-de-france\\\/\",\"name\":\"Warenzeichen G\u00eetes de France | Die Cerisaie G\u00e4stezimmer Elsass\",\"isPartOf\":{\"@id\":\"http:\\\/\\\/www.la-cerisaie.net\\\/de\\\/#website\"},\"datePublished\":\"2013-04-09T10:51:37+00:00\",\"dateModified\":\"2015-10-16T14:24:18+00:00\",\"breadcrumb\":{\"@id\":\"https:\\\/\\\/www.la-cerisaie.net\\\/de\\\/gites-de-france\\\/#breadcrumb\"},\"inLanguage\":\"de\",\"potentialAction\":[{\"@type\":\"ReadAction\",\"target\":[\"https:\\\/\\\/www.la-cerisaie.net\\\/de\\\/gites-de-france\\\/\"]}]},{\"@type\":\"BreadcrumbList\",\"@id\":\"https:\\\/\\\/www.la-cerisaie.net\\\/de\\\/gites-de-france\\\/#breadcrumb\",\"itemListElement\":[{\"@type\":\"ListItem\",\"position\":1,\"name\":\"Accueil\",\"item\":\"http:\\\/\\\/www.la-cerisaie.net\\\/de\\\/\"},{\"@type\":\"ListItem\",\"position\":2,\"name\":\"G\u00eetes de France\"}]},{\"@type\":\"WebSite\",\"@id\":\"http:\\\/\\\/www.la-cerisaie.net\\\/de\\\/#website\",\"url\":\"http:\\\/\\\/www.la-cerisaie.net\\\/de\\\/\",\"name\":\"La Cerisaie\",\"description\":\"Chambres d&#039;h\u00f4tes en Alsace\",\"potentialAction\":[{\"@type\":\"SearchAction\",\"target\":{\"@type\":\"EntryPoint\",\"urlTemplate\":\"http:\\\/\\\/www.la-cerisaie.net\\\/de\\\/?s={search_term_string}\"},\"query-input\":{\"@type\":\"PropertyValueSpecification\",\"valueRequired\":true,\"valueName\":\"search_term_string\"}}],\"inLanguage\":\"de\"}]}<\/script>\n<!-- \/ Yoast SEO plugin. -->","yoast_head_json":{"title":"Warenzeichen G\u00eetes de France | Die Cerisaie G\u00e4stezimmer Elsass","robots":{"index":"index","follow":"follow","max-snippet":"max-snippet:-1","max-image-preview":"max-image-preview:large","max-video-preview":"max-video-preview:-1"},"canonical":"https:\/\/www.la-cerisaie.net\/de\/gites-de-france\/","og_locale":"de_DE","og_type":"article","og_title":"Warenzeichen G\u00eetes de France | Die Cerisaie G\u00e4stezimmer Elsass","og_description":"Die 1951 geschaffene Handelsmarke &#8220; Unterk\u00fcnfte von Frankreich &#8220; garantiert Aufnahmenormen, Komfort, Architektur, Dienste und Dekoration. Die labellis\u00e9s Unterk\u00fcnfte sind ungef\u00e4hr alle 5 Jahre neu eingestuft. Die Unterk\u00fcnfte sind den folgenden Kriterien entsprechend (von 1 nach 5 Kolben) geordnet. Die Unterk\u00fcnfte von Cerisaie profitieren von der Handelsmarke Unterk\u00fcnfte von Frankreich [&hellip;]","og_url":"https:\/\/www.la-cerisaie.net\/de\/gites-de-france\/","og_site_name":"La Cerisaie","article_modified_time":"2015-10-16T14:24:18+00:00","twitter_card":"summary_large_image","schema":{"@context":"https:\/\/schema.org","@graph":[{"@type":"WebPage","@id":"https:\/\/www.la-cerisaie.net\/de\/gites-de-france\/","url":"https:\/\/www.la-cerisaie.net\/de\/gites-de-france\/","name":"Warenzeichen G\u00eetes de France | Die Cerisaie G\u00e4stezimmer Elsass","isPartOf":{"@id":"http:\/\/www.la-cerisaie.net\/de\/#website"},"datePublished":"2013-04-09T10:51:37+00:00","dateModified":"2015-10-16T14:24:18+00:00","breadcrumb":{"@id":"https:\/\/www.la-cerisaie.net\/de\/gites-de-france\/#breadcrumb"},"inLanguage":"de","potentialAction":[{"@type":"ReadAction","target":["https:\/\/www.la-cerisaie.net\/de\/gites-de-france\/"]}]},{"@type":"BreadcrumbList","@id":"https:\/\/www.la-cerisaie.net\/de\/gites-de-france\/#breadcrumb","itemListElement":[{"@type":"ListItem","position":1,"name":"Accueil","item":"http:\/\/www.la-cerisaie.net\/de\/"},{"@type":"ListItem","position":2,"name":"G\u00eetes de France"}]},{"@type":"WebSite","@id":"http:\/\/www.la-cerisaie.net\/de\/#website","url":"http:\/\/www.la-cerisaie.net\/de\/","name":"La Cerisaie","description":"Chambres d&#039;h\u00f4tes en Alsace","potentialAction":[{"@type":"SearchAction","target":{"@type":"EntryPoint","urlTemplate":"http:\/\/www.la-cerisaie.net\/de\/?s={search_term_string}"},"query-input":{"@type":"PropertyValueSpecification","valueRequired":true,"valueName":"search_term_string"}}],"inLanguage":"de"}]}},"_links":{"self":[{"href":"https:\/\/www.la-cerisaie.net\/de\/wp-json\/wp\/v2\/pages\/263","targetHints":{"allow":["GET"]}}],"collection":[{"href":"https:\/\/www.la-cerisaie.net\/de\/wp-json\/wp\/v2\/pages"}],"about":[{"href":"https:\/\/www.la-cerisaie.net\/de\/wp-json\/wp\/v2\/types\/page"}],"author":[{"embeddable":true,"href":"https:\/\/www.la-cerisaie.net\/de\/wp-json\/wp\/v2\/users\/2"}],"replies":[{"embeddable":true,"href":"https:\/\/www.la-cerisaie.net\/de\/wp-json\/wp\/v2\/comments?post=263"}],"version-history":[{"count":1,"href":"https:\/\/www.la-cerisaie.net\/de\/wp-json\/wp\/v2\/pages\/263\/revisions"}],"predecessor-version":[{"id":1823,"href":"https:\/\/www.la-cerisaie.net\/de\/wp-json\/wp\/v2\/pages\/263\/revisions\/1823"}],"wp:attachment":[{"href":"https:\/\/www.la-cerisaie.net\/de\/wp-json\/wp\/v2\/media?parent=263"}],"curies":[{"name":"wp","href":"https:\/\/api.w.org\/{rel}","templated":true}]}}