{"id":268,"date":"2013-04-09T12:02:55","date_gmt":"2013-04-09T11:02:55","guid":{"rendered":"https:\/\/www.la-cerisaie.net\/?page_id=268"},"modified":"2018-04-18T10:28:18","modified_gmt":"2018-04-18T08:28:18","slug":"tisch-hotes","status":"publish","type":"page","link":"https:\/\/www.la-cerisaie.net\/de\/tisch-hotes\/","title":{"rendered":"Tisch d&#8217;h\u00f4tes"},"content":{"rendered":"<p>Robert kocht vor Ihnen in\u00a0 einer grossartigen chemin\u00e9e.<\/p>\n<p><a href=\"https:\/\/www.la-cerisaie.net\/la-cerisaie\/abendessen\/attachment\/img_1298-2\/\" rel=\"attachment wp-att-2783\"><img loading=\"lazy\" decoding=\"async\" class=\"alignnone wp-image-3468 size-medium\" src=\"https:\/\/www.la-cerisaie.net\/wp-inside\/uploads\/2018\/02\/IMG_1298-300x200.jpg\" alt=\"\" width=\"300\" height=\"200\" srcset=\"https:\/\/www.la-cerisaie.net\/wp-inside\/uploads\/2018\/02\/IMG_1298-300x200.jpg 300w, https:\/\/www.la-cerisaie.net\/wp-inside\/uploads\/2018\/02\/IMG_1298-768x512.jpg 768w, https:\/\/www.la-cerisaie.net\/wp-inside\/uploads\/2018\/02\/IMG_1298-1024x683.jpg 1024w, https:\/\/www.la-cerisaie.net\/wp-inside\/uploads\/2018\/02\/IMG_1298-375x249.jpg 375w, https:\/\/www.la-cerisaie.net\/wp-inside\/uploads\/2018\/02\/IMG_1298-500x332.jpg 500w, https:\/\/www.la-cerisaie.net\/wp-inside\/uploads\/2018\/02\/IMG_1298-450x299.jpg 450w\" sizes=\"auto, (max-width: 300px) 100vw, 300px\" \/><\/a><\/p>\n<p><strong>In der glut <\/strong>ger\u00f6stetes Fleisch :<\/p>\n<ul>\n<li>Entrec\u00f4tes &#8211; C\u00f4tes de Boeuf &#8211; Cotelettes<\/li>\n<li><strong>Am spiess <\/strong>\u00a0: gebratenes Gefl\u00fcgel &#8211; Gigots &#8211; Carr\u00e9s.<\/li>\n<\/ul>\n<p><strong>Unsere Els\u00e4ssische Spezialit\u00e4ten<\/strong>\u00a0:<\/p>\n<ul>\n<li>Choucroute &#8211; Tartes flamb\u00e9es : Sauerkraut \/ Flammenkuchen<\/li>\n<li>Baeckeofe &#8211; Repas marcaire.<\/li>\n<\/ul>\n\n\t\t<style type=\"text\/css\">\n\t\t\t#gallery-1 {\n\t\t\t\tmargin: auto;\n\t\t\t}\n\t\t\t#gallery-1 .gallery-item {\n\t\t\t\tfloat: left;\n\t\t\t\tmargin-top: 10px;\n\t\t\t\ttext-align: center;\n\t\t\t\twidth: 33%;\n\t\t\t}\n\t\t\t#gallery-1 img {\n\t\t\t\tborder: 2px solid #cfcfcf;\n\t\t\t}\n\t\t\t#gallery-1 .gallery-caption {\n\t\t\t\tmargin-left: 0;\n\t\t\t}\n\t\t\t\/* see gallery_shortcode() in wp-includes\/media.php *\/\n\t\t<\/style>\n\t\t<div id='gallery-1' class='gallery galleryid-268 gallery-columns-3 gallery-size-medium'><dl class='gallery-item'>\n\t\t\t<dt class='gallery-icon landscape'>\n\t\t\t\t<a href='https:\/\/www.la-cerisaie.net\/wp-inside\/uploads\/2013\/03\/DSC05731.jpg'><img loading=\"lazy\" decoding=\"async\" width=\"300\" height=\"225\" src=\"https:\/\/www.la-cerisaie.net\/wp-inside\/uploads\/2013\/03\/DSC05731-300x225.jpg\" class=\"attachment-medium size-medium\" alt=\"\" srcset=\"https:\/\/www.la-cerisaie.net\/wp-inside\/uploads\/2013\/03\/DSC05731-300x225.jpg 300w, https:\/\/www.la-cerisaie.net\/wp-inside\/uploads\/2013\/03\/DSC05731-1024x768.jpg 1024w, https:\/\/www.la-cerisaie.net\/wp-inside\/uploads\/2013\/03\/DSC05731.jpg 1152w\" sizes=\"auto, (max-width: 300px) 100vw, 300px\" \/><\/a>\n\t\t\t<\/dt><\/dl><dl class='gallery-item'>\n\t\t\t<dt class='gallery-icon landscape'>\n\t\t\t\t<a href='https:\/\/www.la-cerisaie.net\/wp-inside\/uploads\/2013\/03\/Choucroute.jpg'><img loading=\"lazy\" decoding=\"async\" width=\"300\" height=\"219\" src=\"https:\/\/www.la-cerisaie.net\/wp-inside\/uploads\/2013\/03\/Choucroute-300x219.jpg\" class=\"attachment-medium size-medium\" alt=\"\" srcset=\"https:\/\/www.la-cerisaie.net\/wp-inside\/uploads\/2013\/03\/Choucroute-300x219.jpg 300w, https:\/\/www.la-cerisaie.net\/wp-inside\/uploads\/2013\/03\/Choucroute.jpg 647w\" sizes=\"auto, (max-width: 300px) 100vw, 300px\" \/><\/a>\n\t\t\t<\/dt><\/dl><dl class='gallery-item'>\n\t\t\t<dt class='gallery-icon landscape'>\n\t\t\t\t<a href='https:\/\/www.la-cerisaie.net\/wp-inside\/uploads\/2013\/03\/025.jpg'><img loading=\"lazy\" decoding=\"async\" width=\"300\" height=\"225\" src=\"https:\/\/www.la-cerisaie.net\/wp-inside\/uploads\/2013\/03\/025-300x225.jpg\" class=\"attachment-medium size-medium\" alt=\"\" srcset=\"https:\/\/www.la-cerisaie.net\/wp-inside\/uploads\/2013\/03\/025-300x225.jpg 300w, https:\/\/www.la-cerisaie.net\/wp-inside\/uploads\/2013\/03\/025.jpg 1024w\" sizes=\"auto, (max-width: 300px) 100vw, 300px\" \/><\/a>\n\t\t\t<\/dt><\/dl><br style=\"clear: both\" \/><dl class='gallery-item'>\n\t\t\t<dt class='gallery-icon landscape'>\n\t\t\t\t<a href='https:\/\/www.la-cerisaie.net\/wp-inside\/uploads\/2013\/03\/PHOTO-TABLE-D-HOTES.jpg'><img loading=\"lazy\" decoding=\"async\" width=\"300\" height=\"150\" src=\"https:\/\/www.la-cerisaie.net\/wp-inside\/uploads\/2013\/03\/PHOTO-TABLE-D-HOTES-300x150.jpg\" class=\"attachment-medium size-medium\" alt=\"\" srcset=\"https:\/\/www.la-cerisaie.net\/wp-inside\/uploads\/2013\/03\/PHOTO-TABLE-D-HOTES-300x150.jpg 300w, https:\/\/www.la-cerisaie.net\/wp-inside\/uploads\/2013\/03\/PHOTO-TABLE-D-HOTES-768x384.jpg 768w, https:\/\/www.la-cerisaie.net\/wp-inside\/uploads\/2013\/03\/PHOTO-TABLE-D-HOTES.jpg 1024w\" sizes=\"auto, (max-width: 300px) 100vw, 300px\" \/><\/a>\n\t\t\t<\/dt><\/dl><dl class='gallery-item'>\n\t\t\t<dt class='gallery-icon landscape'>\n\t\t\t\t<a href='https:\/\/www.la-cerisaie.net\/wp-inside\/uploads\/2013\/03\/PHOTO-TABLE-D-HOTES-.jpg'><img loading=\"lazy\" decoding=\"async\" width=\"300\" height=\"200\" src=\"https:\/\/www.la-cerisaie.net\/wp-inside\/uploads\/2013\/03\/PHOTO-TABLE-D-HOTES--300x200.jpg\" class=\"attachment-medium size-medium\" alt=\"\" srcset=\"https:\/\/www.la-cerisaie.net\/wp-inside\/uploads\/2013\/03\/PHOTO-TABLE-D-HOTES--300x200.jpg 300w, https:\/\/www.la-cerisaie.net\/wp-inside\/uploads\/2013\/03\/PHOTO-TABLE-D-HOTES--768x512.jpg 768w, https:\/\/www.la-cerisaie.net\/wp-inside\/uploads\/2013\/03\/PHOTO-TABLE-D-HOTES-.jpg 1024w, https:\/\/www.la-cerisaie.net\/wp-inside\/uploads\/2013\/03\/PHOTO-TABLE-D-HOTES--375x249.jpg 375w, https:\/\/www.la-cerisaie.net\/wp-inside\/uploads\/2013\/03\/PHOTO-TABLE-D-HOTES--500x332.jpg 500w, https:\/\/www.la-cerisaie.net\/wp-inside\/uploads\/2013\/03\/PHOTO-TABLE-D-HOTES--450x299.jpg 450w\" sizes=\"auto, (max-width: 300px) 100vw, 300px\" \/><\/a>\n\t\t\t<\/dt><\/dl><dl class='gallery-item'>\n\t\t\t<dt class='gallery-icon landscape'>\n\t\t\t\t<a href='https:\/\/www.la-cerisaie.net\/wp-inside\/uploads\/2018\/02\/IMG_1442.jpg'><img loading=\"lazy\" decoding=\"async\" width=\"300\" height=\"200\" src=\"https:\/\/www.la-cerisaie.net\/wp-inside\/uploads\/2018\/02\/IMG_1442-300x200.jpg\" class=\"attachment-medium size-medium\" alt=\"\" srcset=\"https:\/\/www.la-cerisaie.net\/wp-inside\/uploads\/2018\/02\/IMG_1442-300x200.jpg 300w, https:\/\/www.la-cerisaie.net\/wp-inside\/uploads\/2018\/02\/IMG_1442-768x512.jpg 768w, https:\/\/www.la-cerisaie.net\/wp-inside\/uploads\/2018\/02\/IMG_1442-1024x683.jpg 1024w, https:\/\/www.la-cerisaie.net\/wp-inside\/uploads\/2018\/02\/IMG_1442-375x249.jpg 375w, https:\/\/www.la-cerisaie.net\/wp-inside\/uploads\/2018\/02\/IMG_1442-500x332.jpg 500w, https:\/\/www.la-cerisaie.net\/wp-inside\/uploads\/2018\/02\/IMG_1442-450x299.jpg 450w\" sizes=\"auto, (max-width: 300px) 100vw, 300px\" \/><\/a>\n\t\t\t<\/dt><\/dl><br style=\"clear: both\" \/><dl class='gallery-item'>\n\t\t\t<dt class='gallery-icon landscape'>\n\t\t\t\t<a href='https:\/\/www.la-cerisaie.net\/wp-inside\/uploads\/2018\/02\/IMG_1375-1.jpg'><img loading=\"lazy\" decoding=\"async\" width=\"300\" height=\"200\" src=\"https:\/\/www.la-cerisaie.net\/wp-inside\/uploads\/2018\/02\/IMG_1375-1-300x200.jpg\" class=\"attachment-medium size-medium\" alt=\"\" srcset=\"https:\/\/www.la-cerisaie.net\/wp-inside\/uploads\/2018\/02\/IMG_1375-1-300x200.jpg 300w, https:\/\/www.la-cerisaie.net\/wp-inside\/uploads\/2018\/02\/IMG_1375-1-768x512.jpg 768w, https:\/\/www.la-cerisaie.net\/wp-inside\/uploads\/2018\/02\/IMG_1375-1-1024x683.jpg 1024w, https:\/\/www.la-cerisaie.net\/wp-inside\/uploads\/2018\/02\/IMG_1375-1-375x249.jpg 375w, https:\/\/www.la-cerisaie.net\/wp-inside\/uploads\/2018\/02\/IMG_1375-1-500x332.jpg 500w, https:\/\/www.la-cerisaie.net\/wp-inside\/uploads\/2018\/02\/IMG_1375-1-450x299.jpg 450w\" sizes=\"auto, (max-width: 300px) 100vw, 300px\" \/><\/a>\n\t\t\t<\/dt><\/dl><dl class='gallery-item'>\n\t\t\t<dt class='gallery-icon landscape'>\n\t\t\t\t<a href='https:\/\/www.la-cerisaie.net\/wp-inside\/uploads\/2018\/02\/IMG_1368.jpg'><img loading=\"lazy\" decoding=\"async\" width=\"300\" height=\"200\" src=\"https:\/\/www.la-cerisaie.net\/wp-inside\/uploads\/2018\/02\/IMG_1368-300x200.jpg\" class=\"attachment-medium size-medium\" alt=\"\" srcset=\"https:\/\/www.la-cerisaie.net\/wp-inside\/uploads\/2018\/02\/IMG_1368-300x200.jpg 300w, https:\/\/www.la-cerisaie.net\/wp-inside\/uploads\/2018\/02\/IMG_1368-768x512.jpg 768w, https:\/\/www.la-cerisaie.net\/wp-inside\/uploads\/2018\/02\/IMG_1368-1024x683.jpg 1024w, https:\/\/www.la-cerisaie.net\/wp-inside\/uploads\/2018\/02\/IMG_1368-375x249.jpg 375w, https:\/\/www.la-cerisaie.net\/wp-inside\/uploads\/2018\/02\/IMG_1368-500x332.jpg 500w, https:\/\/www.la-cerisaie.net\/wp-inside\/uploads\/2018\/02\/IMG_1368-450x299.jpg 450w\" sizes=\"auto, (max-width: 300px) 100vw, 300px\" \/><\/a>\n\t\t\t<\/dt><\/dl><dl class='gallery-item'>\n\t\t\t<dt class='gallery-icon landscape'>\n\t\t\t\t<a href='https:\/\/www.la-cerisaie.net\/wp-inside\/uploads\/2013\/05\/IMG_1303.jpg'><img loading=\"lazy\" decoding=\"async\" width=\"300\" height=\"200\" src=\"https:\/\/www.la-cerisaie.net\/wp-inside\/uploads\/2013\/05\/IMG_1303-300x200.jpg\" class=\"attachment-medium size-medium\" alt=\"\" srcset=\"https:\/\/www.la-cerisaie.net\/wp-inside\/uploads\/2013\/05\/IMG_1303-300x200.jpg 300w, https:\/\/www.la-cerisaie.net\/wp-inside\/uploads\/2013\/05\/IMG_1303-768x512.jpg 768w, https:\/\/www.la-cerisaie.net\/wp-inside\/uploads\/2013\/05\/IMG_1303-1024x683.jpg 1024w, https:\/\/www.la-cerisaie.net\/wp-inside\/uploads\/2013\/05\/IMG_1303-375x249.jpg 375w, https:\/\/www.la-cerisaie.net\/wp-inside\/uploads\/2013\/05\/IMG_1303-500x332.jpg 500w, https:\/\/www.la-cerisaie.net\/wp-inside\/uploads\/2013\/05\/IMG_1303-450x299.jpg 450w\" sizes=\"auto, (max-width: 300px) 100vw, 300px\" \/><\/a>\n\t\t\t<\/dt><\/dl><br style=\"clear: both\" \/>\n\t\t<\/div>\n\n<p>&nbsp;<\/p>\n<p>&nbsp;<\/p>\n","protected":false},"excerpt":{"rendered":"<p>Robert kocht vor Ihnen in\u00a0 einer grossartigen chemin\u00e9e. In der glut ger\u00f6stetes Fleisch : Entrec\u00f4tes &#8211; C\u00f4tes de Boeuf &#8211; Cotelettes Am spiess \u00a0: gebratenes Gefl\u00fcgel &#8211; Gigots &#8211; Carr\u00e9s. Unsere Els\u00e4ssische Spezialit\u00e4ten\u00a0: Choucroute &#8211; Tartes flamb\u00e9es : Sauerkraut \/ Flammenkuchen Baeckeofe &#8211; Repas marcaire. &nbsp; &nbsp;<\/p>\n","protected":false},"author":2,"featured_media":0,"parent":0,"menu_order":0,"comment_status":"open","ping_status":"closed","template":"","meta":{"footnotes":""},"class_list":["post-268","page","type-page","status-publish","hentry"],"yoast_head":"<!-- This site is optimized with the Yoast SEO plugin v27.3 - https:\/\/yoast.com\/product\/yoast-seo-wordpress\/ -->\n<title>G\u00e4stezimmer, Fremdenzimmer (Berg) | Die Cerisaie Bas-Rhin, Elsass<\/title>\n<meta name=\"description\" content=\"Die Cerisaie, G\u00e4stezimmer Pension und Ferienwohnungen im Elsass liegt in einer aussergew\u00f6hnlicher Umgebung im gr\u00fcnen an den F\u00fcssen der Vogesen.\" \/>\n<meta name=\"robots\" content=\"index, follow, max-snippet:-1, max-image-preview:large, max-video-preview:-1\" \/>\n<link rel=\"canonical\" href=\"https:\/\/www.la-cerisaie.net\/de\/tisch-hotes\/\" \/>\n<meta property=\"og:locale\" content=\"de_DE\" \/>\n<meta property=\"og:type\" content=\"article\" \/>\n<meta property=\"og:title\" content=\"G\u00e4stezimmer, Fremdenzimmer (Berg) | Die Cerisaie Bas-Rhin, Elsass\" \/>\n<meta property=\"og:description\" content=\"Die Cerisaie, G\u00e4stezimmer Pension und Ferienwohnungen im Elsass liegt in einer aussergew\u00f6hnlicher Umgebung im gr\u00fcnen an den F\u00fcssen der Vogesen.\" \/>\n<meta property=\"og:url\" content=\"https:\/\/www.la-cerisaie.net\/de\/tisch-hotes\/\" \/>\n<meta property=\"og:site_name\" content=\"La Cerisaie\" \/>\n<meta property=\"article:modified_time\" content=\"2018-04-18T08:28:18+00:00\" \/>\n<meta property=\"og:image\" content=\"http:\/\/www.la-cerisaie.net\/wp-inside\/uploads\/2013\/03\/DSC05731-300x225.jpg\" \/>\n<meta name=\"twitter:card\" content=\"summary_large_image\" \/>\n<script type=\"application\/ld+json\" class=\"yoast-schema-graph\">{\"@context\":\"https:\\\/\\\/schema.org\",\"@graph\":[{\"@type\":\"WebPage\",\"@id\":\"https:\\\/\\\/www.la-cerisaie.net\\\/de\\\/tisch-hotes\\\/\",\"url\":\"https:\\\/\\\/www.la-cerisaie.net\\\/de\\\/tisch-hotes\\\/\",\"name\":\"G\u00e4stezimmer, Fremdenzimmer (Berg) | Die Cerisaie Bas-Rhin, Elsass\",\"isPartOf\":{\"@id\":\"http:\\\/\\\/www.la-cerisaie.net\\\/de\\\/#website\"},\"primaryImageOfPage\":{\"@id\":\"https:\\\/\\\/www.la-cerisaie.net\\\/de\\\/tisch-hotes\\\/#primaryimage\"},\"image\":{\"@id\":\"https:\\\/\\\/www.la-cerisaie.net\\\/de\\\/tisch-hotes\\\/#primaryimage\"},\"thumbnailUrl\":\"https:\\\/\\\/www.la-cerisaie.net\\\/wp-inside\\\/uploads\\\/2018\\\/02\\\/IMG_1298-300x200.jpg\",\"datePublished\":\"2013-04-09T11:02:55+00:00\",\"dateModified\":\"2018-04-18T08:28:18+00:00\",\"description\":\"Die Cerisaie, G\u00e4stezimmer Pension und Ferienwohnungen im Elsass liegt in einer aussergew\u00f6hnlicher Umgebung im gr\u00fcnen an den F\u00fcssen der Vogesen.\",\"breadcrumb\":{\"@id\":\"https:\\\/\\\/www.la-cerisaie.net\\\/de\\\/tisch-hotes\\\/#breadcrumb\"},\"inLanguage\":\"de\",\"potentialAction\":[{\"@type\":\"ReadAction\",\"target\":[\"https:\\\/\\\/www.la-cerisaie.net\\\/de\\\/tisch-hotes\\\/\"]}]},{\"@type\":\"ImageObject\",\"inLanguage\":\"de\",\"@id\":\"https:\\\/\\\/www.la-cerisaie.net\\\/de\\\/tisch-hotes\\\/#primaryimage\",\"url\":\"https:\\\/\\\/www.la-cerisaie.net\\\/wp-inside\\\/uploads\\\/2018\\\/02\\\/IMG_1298-300x200.jpg\",\"contentUrl\":\"https:\\\/\\\/www.la-cerisaie.net\\\/wp-inside\\\/uploads\\\/2018\\\/02\\\/IMG_1298-300x200.jpg\"},{\"@type\":\"BreadcrumbList\",\"@id\":\"https:\\\/\\\/www.la-cerisaie.net\\\/de\\\/tisch-hotes\\\/#breadcrumb\",\"itemListElement\":[{\"@type\":\"ListItem\",\"position\":1,\"name\":\"Accueil\",\"item\":\"http:\\\/\\\/www.la-cerisaie.net\\\/de\\\/\"},{\"@type\":\"ListItem\",\"position\":2,\"name\":\"Die Umgebung\"}]},{\"@type\":\"WebSite\",\"@id\":\"http:\\\/\\\/www.la-cerisaie.net\\\/de\\\/#website\",\"url\":\"http:\\\/\\\/www.la-cerisaie.net\\\/de\\\/\",\"name\":\"La Cerisaie\",\"description\":\"Chambres d&#039;h\u00f4tes en Alsace\",\"potentialAction\":[{\"@type\":\"SearchAction\",\"target\":{\"@type\":\"EntryPoint\",\"urlTemplate\":\"http:\\\/\\\/www.la-cerisaie.net\\\/de\\\/?s={search_term_string}\"},\"query-input\":{\"@type\":\"PropertyValueSpecification\",\"valueRequired\":true,\"valueName\":\"search_term_string\"}}],\"inLanguage\":\"de\"}]}<\/script>\n<!-- \/ Yoast SEO plugin. -->","yoast_head_json":{"title":"G\u00e4stezimmer, Fremdenzimmer (Berg) | Die Cerisaie Bas-Rhin, Elsass","description":"Die Cerisaie, G\u00e4stezimmer Pension und Ferienwohnungen im Elsass liegt in einer aussergew\u00f6hnlicher Umgebung im gr\u00fcnen an den F\u00fcssen der Vogesen.","robots":{"index":"index","follow":"follow","max-snippet":"max-snippet:-1","max-image-preview":"max-image-preview:large","max-video-preview":"max-video-preview:-1"},"canonical":"https:\/\/www.la-cerisaie.net\/de\/tisch-hotes\/","og_locale":"de_DE","og_type":"article","og_title":"G\u00e4stezimmer, Fremdenzimmer (Berg) | Die Cerisaie Bas-Rhin, Elsass","og_description":"Die Cerisaie, G\u00e4stezimmer Pension und Ferienwohnungen im Elsass liegt in einer aussergew\u00f6hnlicher Umgebung im gr\u00fcnen an den F\u00fcssen der Vogesen.","og_url":"https:\/\/www.la-cerisaie.net\/de\/tisch-hotes\/","og_site_name":"La Cerisaie","article_modified_time":"2018-04-18T08:28:18+00:00","og_image":[{"url":"http:\/\/www.la-cerisaie.net\/wp-inside\/uploads\/2013\/03\/DSC05731-300x225.jpg","type":"","width":"","height":""}],"twitter_card":"summary_large_image","schema":{"@context":"https:\/\/schema.org","@graph":[{"@type":"WebPage","@id":"https:\/\/www.la-cerisaie.net\/de\/tisch-hotes\/","url":"https:\/\/www.la-cerisaie.net\/de\/tisch-hotes\/","name":"G\u00e4stezimmer, Fremdenzimmer (Berg) | Die Cerisaie Bas-Rhin, Elsass","isPartOf":{"@id":"http:\/\/www.la-cerisaie.net\/de\/#website"},"primaryImageOfPage":{"@id":"https:\/\/www.la-cerisaie.net\/de\/tisch-hotes\/#primaryimage"},"image":{"@id":"https:\/\/www.la-cerisaie.net\/de\/tisch-hotes\/#primaryimage"},"thumbnailUrl":"https:\/\/www.la-cerisaie.net\/wp-inside\/uploads\/2018\/02\/IMG_1298-300x200.jpg","datePublished":"2013-04-09T11:02:55+00:00","dateModified":"2018-04-18T08:28:18+00:00","description":"Die Cerisaie, G\u00e4stezimmer Pension und Ferienwohnungen im Elsass liegt in einer aussergew\u00f6hnlicher Umgebung im gr\u00fcnen an den F\u00fcssen der Vogesen.","breadcrumb":{"@id":"https:\/\/www.la-cerisaie.net\/de\/tisch-hotes\/#breadcrumb"},"inLanguage":"de","potentialAction":[{"@type":"ReadAction","target":["https:\/\/www.la-cerisaie.net\/de\/tisch-hotes\/"]}]},{"@type":"ImageObject","inLanguage":"de","@id":"https:\/\/www.la-cerisaie.net\/de\/tisch-hotes\/#primaryimage","url":"https:\/\/www.la-cerisaie.net\/wp-inside\/uploads\/2018\/02\/IMG_1298-300x200.jpg","contentUrl":"https:\/\/www.la-cerisaie.net\/wp-inside\/uploads\/2018\/02\/IMG_1298-300x200.jpg"},{"@type":"BreadcrumbList","@id":"https:\/\/www.la-cerisaie.net\/de\/tisch-hotes\/#breadcrumb","itemListElement":[{"@type":"ListItem","position":1,"name":"Accueil","item":"http:\/\/www.la-cerisaie.net\/de\/"},{"@type":"ListItem","position":2,"name":"Die Umgebung"}]},{"@type":"WebSite","@id":"http:\/\/www.la-cerisaie.net\/de\/#website","url":"http:\/\/www.la-cerisaie.net\/de\/","name":"La Cerisaie","description":"Chambres d&#039;h\u00f4tes en Alsace","potentialAction":[{"@type":"SearchAction","target":{"@type":"EntryPoint","urlTemplate":"http:\/\/www.la-cerisaie.net\/de\/?s={search_term_string}"},"query-input":{"@type":"PropertyValueSpecification","valueRequired":true,"valueName":"search_term_string"}}],"inLanguage":"de"}]}},"_links":{"self":[{"href":"https:\/\/www.la-cerisaie.net\/de\/wp-json\/wp\/v2\/pages\/268","targetHints":{"allow":["GET"]}}],"collection":[{"href":"https:\/\/www.la-cerisaie.net\/de\/wp-json\/wp\/v2\/pages"}],"about":[{"href":"https:\/\/www.la-cerisaie.net\/de\/wp-json\/wp\/v2\/types\/page"}],"author":[{"embeddable":true,"href":"https:\/\/www.la-cerisaie.net\/de\/wp-json\/wp\/v2\/users\/2"}],"replies":[{"embeddable":true,"href":"https:\/\/www.la-cerisaie.net\/de\/wp-json\/wp\/v2\/comments?post=268"}],"version-history":[{"count":5,"href":"https:\/\/www.la-cerisaie.net\/de\/wp-json\/wp\/v2\/pages\/268\/revisions"}],"predecessor-version":[{"id":3002,"href":"https:\/\/www.la-cerisaie.net\/de\/wp-json\/wp\/v2\/pages\/268\/revisions\/3002"}],"wp:attachment":[{"href":"https:\/\/www.la-cerisaie.net\/de\/wp-json\/wp\/v2\/media?parent=268"}],"curies":[{"name":"wp","href":"https:\/\/api.w.org\/{rel}","templated":true}]}}