{"id":272,"date":"2013-04-09T13:07:13","date_gmt":"2013-04-09T12:07:13","guid":{"rendered":"https:\/\/www.la-cerisaie.net\/?page_id=272"},"modified":"2016-02-08T14:02:16","modified_gmt":"2016-02-08T13:02:16","slug":"veranda","status":"publish","type":"page","link":"https:\/\/www.la-cerisaie.net\/de\/tisch-hotes\/veranda\/","title":{"rendered":"Veranda"},"content":{"rendered":"<p>In aufw\u00e4ndigem, <strong>modernen Baustil<\/strong> gehalten, ist ein Juwel f\u00fcr unsere G\u00e4ste und l\u00e4sst Sie inmitten der Natur und einer ansprechenden Umgebung die Sorgen des Alltags vergessen.<\/p>\n<p>Geniessen Sie sie allein, zu zweit, mit Freunden oder Familie bei einem Glas Wein, zum Lesen, Plaudern oder Relaxen in komfortablen Sesseln.<\/p>\n<p>Die Veranda schenkt Ihnen auch eine <strong>wunderbare Aussicht auf das Dorf<\/strong>, die Berge, undbeim Einnachten auf die sch\u00f6n beleuchtete Kirche. In dieser Atmosph\u00e4re zeigt sich die Veranda besonders gem\u00fctlich. Nach dem Abendessen f\u00fchren Astrid und Robert Sie gerne zu diesem Juwel, damit Sie den Tagesabschluss weiter geniessen k\u00f6nnen, bis sich eine wohlige M\u00fcdigkeit einstellt.<\/p>\n\n\t\t<style type=\"text\/css\">\n\t\t\t#gallery-1 {\n\t\t\t\tmargin: auto;\n\t\t\t}\n\t\t\t#gallery-1 .gallery-item {\n\t\t\t\tfloat: left;\n\t\t\t\tmargin-top: 10px;\n\t\t\t\ttext-align: center;\n\t\t\t\twidth: 20%;\n\t\t\t}\n\t\t\t#gallery-1 img {\n\t\t\t\tborder: 2px solid #cfcfcf;\n\t\t\t}\n\t\t\t#gallery-1 .gallery-caption {\n\t\t\t\tmargin-left: 0;\n\t\t\t}\n\t\t\t\/* see gallery_shortcode() in wp-includes\/media.php *\/\n\t\t<\/style>\n\t\t<div id='gallery-1' class='gallery galleryid-272 gallery-columns-5 gallery-size-thumbnail'><dl class='gallery-item'>\n\t\t\t<dt class='gallery-icon landscape'>\n\t\t\t\t<a href='https:\/\/www.la-cerisaie.net\/wp-inside\/uploads\/2013\/03\/IMG_3092-R.jpg'><img loading=\"lazy\" decoding=\"async\" width=\"150\" height=\"150\" src=\"https:\/\/www.la-cerisaie.net\/wp-inside\/uploads\/2013\/03\/IMG_3092-R-150x150.jpg\" class=\"attachment-thumbnail size-thumbnail\" alt=\"\" srcset=\"https:\/\/www.la-cerisaie.net\/wp-inside\/uploads\/2013\/03\/IMG_3092-R-150x150.jpg 150w, https:\/\/www.la-cerisaie.net\/wp-inside\/uploads\/2013\/03\/IMG_3092-R-50x50.jpg 50w\" sizes=\"auto, (max-width: 150px) 100vw, 150px\" \/><\/a>\n\t\t\t<\/dt><\/dl><dl class='gallery-item'>\n\t\t\t<dt class='gallery-icon landscape'>\n\t\t\t\t<a href='https:\/\/www.la-cerisaie.net\/wp-inside\/uploads\/2013\/03\/GITE-SELESTAT-ET-LE-HOHWALD-red.jpg'><img loading=\"lazy\" decoding=\"async\" width=\"150\" height=\"150\" src=\"https:\/\/www.la-cerisaie.net\/wp-inside\/uploads\/2013\/03\/GITE-SELESTAT-ET-LE-HOHWALD-red-150x150.jpg\" class=\"attachment-thumbnail size-thumbnail\" alt=\"\" srcset=\"https:\/\/www.la-cerisaie.net\/wp-inside\/uploads\/2013\/03\/GITE-SELESTAT-ET-LE-HOHWALD-red-150x150.jpg 150w, https:\/\/www.la-cerisaie.net\/wp-inside\/uploads\/2013\/03\/GITE-SELESTAT-ET-LE-HOHWALD-red-50x50.jpg 50w\" sizes=\"auto, (max-width: 150px) 100vw, 150px\" \/><\/a>\n\t\t\t<\/dt><\/dl><dl class='gallery-item'>\n\t\t\t<dt class='gallery-icon landscape'>\n\t\t\t\t<a href='https:\/\/www.la-cerisaie.net\/wp-inside\/uploads\/2013\/03\/IMG_3113.jpg'><img loading=\"lazy\" decoding=\"async\" width=\"150\" height=\"150\" src=\"https:\/\/www.la-cerisaie.net\/wp-inside\/uploads\/2013\/03\/IMG_3113-150x150.jpg\" class=\"attachment-thumbnail size-thumbnail\" alt=\"\" srcset=\"https:\/\/www.la-cerisaie.net\/wp-inside\/uploads\/2013\/03\/IMG_3113-150x150.jpg 150w, https:\/\/www.la-cerisaie.net\/wp-inside\/uploads\/2013\/03\/IMG_3113-50x50.jpg 50w\" sizes=\"auto, (max-width: 150px) 100vw, 150px\" \/><\/a>\n\t\t\t<\/dt><\/dl><dl class='gallery-item'>\n\t\t\t<dt class='gallery-icon landscape'>\n\t\t\t\t<a href='https:\/\/www.la-cerisaie.net\/wp-inside\/uploads\/2013\/03\/KIOSQUE2012-003.jpg'><img loading=\"lazy\" decoding=\"async\" width=\"150\" height=\"150\" src=\"https:\/\/www.la-cerisaie.net\/wp-inside\/uploads\/2013\/03\/KIOSQUE2012-003-150x150.jpg\" class=\"attachment-thumbnail size-thumbnail\" alt=\"\" srcset=\"https:\/\/www.la-cerisaie.net\/wp-inside\/uploads\/2013\/03\/KIOSQUE2012-003-150x150.jpg 150w, https:\/\/www.la-cerisaie.net\/wp-inside\/uploads\/2013\/03\/KIOSQUE2012-003-50x50.jpg 50w\" sizes=\"auto, (max-width: 150px) 100vw, 150px\" \/><\/a>\n\t\t\t<\/dt><\/dl>\n\t\t\t<br style='clear: both' \/>\n\t\t<\/div>\n\n","protected":false},"excerpt":{"rendered":"<p>In aufw\u00e4ndigem, modernen Baustil gehalten, ist ein Juwel f\u00fcr unsere G\u00e4ste und l\u00e4sst Sie inmitten der Natur und einer ansprechenden Umgebung die Sorgen des Alltags vergessen. Geniessen Sie sie allein, zu zweit, mit Freunden oder Familie bei einem Glas Wein, zum Lesen, Plaudern oder Relaxen in komfortablen Sesseln. Die Veranda [&hellip;]<\/p>\n","protected":false},"author":2,"featured_media":0,"parent":268,"menu_order":0,"comment_status":"open","ping_status":"closed","template":"","meta":{"footnotes":""},"class_list":["post-272","page","type-page","status-publish","hentry"],"yoast_head":"<!-- This site is optimized with the Yoast SEO plugin v27.4 - https:\/\/yoast.com\/product\/yoast-seo-wordpress\/ -->\n<title>G\u00e4stezimmer, Fremdenzimmer : die Veranda | Die Cerisaie Elsass<\/title>\n<meta name=\"description\" content=\"In aufw\u00e4ndigem Baustil gehalten, ein Juwel f\u00fcr unsere G\u00e4ste. Einfach zum Geniessen\u00a0!\" \/>\n<meta name=\"robots\" content=\"index, follow, max-snippet:-1, max-image-preview:large, max-video-preview:-1\" \/>\n<link rel=\"canonical\" href=\"https:\/\/www.la-cerisaie.net\/de\/tisch-hotes\/veranda\/\" \/>\n<meta property=\"og:locale\" content=\"de_DE\" \/>\n<meta property=\"og:type\" content=\"article\" \/>\n<meta property=\"og:title\" content=\"G\u00e4stezimmer, Fremdenzimmer : die Veranda | Die Cerisaie Elsass\" \/>\n<meta property=\"og:description\" content=\"In aufw\u00e4ndigem Baustil gehalten, ein Juwel f\u00fcr unsere G\u00e4ste. Einfach zum Geniessen\u00a0!\" \/>\n<meta property=\"og:url\" content=\"https:\/\/www.la-cerisaie.net\/de\/tisch-hotes\/veranda\/\" \/>\n<meta property=\"og:site_name\" content=\"La Cerisaie\" \/>\n<meta property=\"article:modified_time\" content=\"2016-02-08T13:02:16+00:00\" \/>\n<meta property=\"og:image\" content=\"http:\/\/www.la-cerisaie.net\/wp-inside\/uploads\/2013\/03\/IMG_3092-R-150x150.jpg\" \/>\n<meta name=\"twitter:card\" content=\"summary_large_image\" \/>\n<meta name=\"twitter:label1\" content=\"Gesch\u00e4tzte Lesezeit\" \/>\n\t<meta name=\"twitter:data1\" content=\"1\u00a0Minute\" \/>\n<script type=\"application\/ld+json\" class=\"yoast-schema-graph\">{\"@context\":\"https:\\\/\\\/schema.org\",\"@graph\":[{\"@type\":\"WebPage\",\"@id\":\"https:\\\/\\\/www.la-cerisaie.net\\\/de\\\/tisch-hotes\\\/veranda\\\/\",\"url\":\"https:\\\/\\\/www.la-cerisaie.net\\\/de\\\/tisch-hotes\\\/veranda\\\/\",\"name\":\"G\u00e4stezimmer, Fremdenzimmer : die Veranda | Die Cerisaie Elsass\",\"isPartOf\":{\"@id\":\"http:\\\/\\\/www.la-cerisaie.net\\\/de\\\/#website\"},\"datePublished\":\"2013-04-09T12:07:13+00:00\",\"dateModified\":\"2016-02-08T13:02:16+00:00\",\"description\":\"In aufw\u00e4ndigem Baustil gehalten, ein Juwel f\u00fcr unsere G\u00e4ste. Einfach zum Geniessen\u00a0!\",\"breadcrumb\":{\"@id\":\"https:\\\/\\\/www.la-cerisaie.net\\\/de\\\/tisch-hotes\\\/veranda\\\/#breadcrumb\"},\"inLanguage\":\"de\",\"potentialAction\":[{\"@type\":\"ReadAction\",\"target\":[\"https:\\\/\\\/www.la-cerisaie.net\\\/de\\\/tisch-hotes\\\/veranda\\\/\"]}]},{\"@type\":\"BreadcrumbList\",\"@id\":\"https:\\\/\\\/www.la-cerisaie.net\\\/de\\\/tisch-hotes\\\/veranda\\\/#breadcrumb\",\"itemListElement\":[{\"@type\":\"ListItem\",\"position\":1,\"name\":\"Accueil\",\"item\":\"http:\\\/\\\/www.la-cerisaie.net\\\/de\\\/\"},{\"@type\":\"ListItem\",\"position\":2,\"name\":\"Die Umgebung\",\"item\":\"http:\\\/\\\/www.la-cerisaie.net\\\/de\\\/tisch-hotes\\\/\"},{\"@type\":\"ListItem\",\"position\":3,\"name\":\"Die Veranda\"}]},{\"@type\":\"WebSite\",\"@id\":\"http:\\\/\\\/www.la-cerisaie.net\\\/de\\\/#website\",\"url\":\"http:\\\/\\\/www.la-cerisaie.net\\\/de\\\/\",\"name\":\"La Cerisaie\",\"description\":\"Chambres d&#039;h\u00f4tes en Alsace\",\"potentialAction\":[{\"@type\":\"SearchAction\",\"target\":{\"@type\":\"EntryPoint\",\"urlTemplate\":\"http:\\\/\\\/www.la-cerisaie.net\\\/de\\\/?s={search_term_string}\"},\"query-input\":{\"@type\":\"PropertyValueSpecification\",\"valueRequired\":true,\"valueName\":\"search_term_string\"}}],\"inLanguage\":\"de\"}]}<\/script>\n<!-- \/ Yoast SEO plugin. -->","yoast_head_json":{"title":"G\u00e4stezimmer, Fremdenzimmer : die Veranda | Die Cerisaie Elsass","description":"In aufw\u00e4ndigem Baustil gehalten, ein Juwel f\u00fcr unsere G\u00e4ste. Einfach zum Geniessen\u00a0!","robots":{"index":"index","follow":"follow","max-snippet":"max-snippet:-1","max-image-preview":"max-image-preview:large","max-video-preview":"max-video-preview:-1"},"canonical":"https:\/\/www.la-cerisaie.net\/de\/tisch-hotes\/veranda\/","og_locale":"de_DE","og_type":"article","og_title":"G\u00e4stezimmer, Fremdenzimmer : die Veranda | Die Cerisaie Elsass","og_description":"In aufw\u00e4ndigem Baustil gehalten, ein Juwel f\u00fcr unsere G\u00e4ste. Einfach zum Geniessen\u00a0!","og_url":"https:\/\/www.la-cerisaie.net\/de\/tisch-hotes\/veranda\/","og_site_name":"La Cerisaie","article_modified_time":"2016-02-08T13:02:16+00:00","og_image":[{"url":"http:\/\/www.la-cerisaie.net\/wp-inside\/uploads\/2013\/03\/IMG_3092-R-150x150.jpg","type":"","width":"","height":""}],"twitter_card":"summary_large_image","twitter_misc":{"Gesch\u00e4tzte Lesezeit":"1\u00a0Minute"},"schema":{"@context":"https:\/\/schema.org","@graph":[{"@type":"WebPage","@id":"https:\/\/www.la-cerisaie.net\/de\/tisch-hotes\/veranda\/","url":"https:\/\/www.la-cerisaie.net\/de\/tisch-hotes\/veranda\/","name":"G\u00e4stezimmer, Fremdenzimmer : die Veranda | Die Cerisaie Elsass","isPartOf":{"@id":"http:\/\/www.la-cerisaie.net\/de\/#website"},"datePublished":"2013-04-09T12:07:13+00:00","dateModified":"2016-02-08T13:02:16+00:00","description":"In aufw\u00e4ndigem Baustil gehalten, ein Juwel f\u00fcr unsere G\u00e4ste. Einfach zum Geniessen\u00a0!","breadcrumb":{"@id":"https:\/\/www.la-cerisaie.net\/de\/tisch-hotes\/veranda\/#breadcrumb"},"inLanguage":"de","potentialAction":[{"@type":"ReadAction","target":["https:\/\/www.la-cerisaie.net\/de\/tisch-hotes\/veranda\/"]}]},{"@type":"BreadcrumbList","@id":"https:\/\/www.la-cerisaie.net\/de\/tisch-hotes\/veranda\/#breadcrumb","itemListElement":[{"@type":"ListItem","position":1,"name":"Accueil","item":"http:\/\/www.la-cerisaie.net\/de\/"},{"@type":"ListItem","position":2,"name":"Die Umgebung","item":"http:\/\/www.la-cerisaie.net\/de\/tisch-hotes\/"},{"@type":"ListItem","position":3,"name":"Die Veranda"}]},{"@type":"WebSite","@id":"http:\/\/www.la-cerisaie.net\/de\/#website","url":"http:\/\/www.la-cerisaie.net\/de\/","name":"La Cerisaie","description":"Chambres d&#039;h\u00f4tes en Alsace","potentialAction":[{"@type":"SearchAction","target":{"@type":"EntryPoint","urlTemplate":"http:\/\/www.la-cerisaie.net\/de\/?s={search_term_string}"},"query-input":{"@type":"PropertyValueSpecification","valueRequired":true,"valueName":"search_term_string"}}],"inLanguage":"de"}]}},"_links":{"self":[{"href":"https:\/\/www.la-cerisaie.net\/de\/wp-json\/wp\/v2\/pages\/272","targetHints":{"allow":["GET"]}}],"collection":[{"href":"https:\/\/www.la-cerisaie.net\/de\/wp-json\/wp\/v2\/pages"}],"about":[{"href":"https:\/\/www.la-cerisaie.net\/de\/wp-json\/wp\/v2\/types\/page"}],"author":[{"embeddable":true,"href":"https:\/\/www.la-cerisaie.net\/de\/wp-json\/wp\/v2\/users\/2"}],"replies":[{"embeddable":true,"href":"https:\/\/www.la-cerisaie.net\/de\/wp-json\/wp\/v2\/comments?post=272"}],"version-history":[{"count":4,"href":"https:\/\/www.la-cerisaie.net\/de\/wp-json\/wp\/v2\/pages\/272\/revisions"}],"predecessor-version":[{"id":2315,"href":"https:\/\/www.la-cerisaie.net\/de\/wp-json\/wp\/v2\/pages\/272\/revisions\/2315"}],"up":[{"embeddable":true,"href":"https:\/\/www.la-cerisaie.net\/de\/wp-json\/wp\/v2\/pages\/268"}],"wp:attachment":[{"href":"https:\/\/www.la-cerisaie.net\/de\/wp-json\/wp\/v2\/media?parent=272"}],"curies":[{"name":"wp","href":"https:\/\/api.w.org\/{rel}","templated":true}]}}