{"id":283,"date":"2013-04-09T13:12:56","date_gmt":"2013-04-09T12:12:56","guid":{"rendered":"https:\/\/www.la-cerisaie.net\/?page_id=283"},"modified":"2023-02-21T14:17:03","modified_gmt":"2023-02-21T13:17:03","slug":"impressum","status":"publish","type":"page","link":"https:\/\/www.la-cerisaie.net\/de\/impressum\/","title":{"rendered":"Impressum"},"content":{"rendered":"<h2>Verleger der Website<\/h2>\n<p><strong>La Cerisaie<\/strong><br \/>\n31 rue des Tilleuls<br \/>\n67220 Breitenbach (Frankreich)<br \/>\n03 88 57 05 07<\/p>\n<h2>Ver\u00f6ffentlichungs-Direktor<\/h2>\n<p>Robert und Astrid Haas<\/p>\n<h2>Konzeption und Sch\u00f6pfung der Website<\/h2>\n<p><strong>Premi\u00e8re Place<\/strong><br \/>\nSAS mit einem Kapital von 4,860.00 Euro<br \/>\nHauptsitz: 30 rue Fran\u00e7ois Spoerry \u2013 68100 Mulhouse \u2013 Frankreich<br \/>\nTelefon: +33 (0) 3 89 60 71 61<br \/>\ncontact@premiere.place<br \/>\nRCS Mulhouse 489 995 985<br \/>\nUmsatzsteuer-Identifikationsnummer: FR 12 489 995 985<br \/>\n<a href=\"https:\/\/www.premiere.place\/\" target=\"_blank\" rel=\"noopener\">www.premiere.place<\/a><\/p>\n<h2>Beherbergung der Website<\/h2>\n<p><strong>OVH<\/strong><br \/>\nRCS Lille M\u00e9tropole 424 761 419 00045<br \/>\nAPE Kode 2620Z<br \/>\nUmsatzsteuer-Identifikationsnummer: FR 22 424 761 419<br \/>\nHauptsitz: 2 rue Kellermann \u2013 59100 Roubaix \u2013 Frankreich<\/p>\n<h2>Der Schutz der Pers\u00f6nlichen Daten in der Website www.la-cerisaie.net<\/h2>\n<ul>\n<li>Keine Pers\u00f6nliche Information wird gesammelt ohne Ihr wissen<\/li>\n<li>Keine Pers\u00f6nliche Information wird weitergegeben<\/li>\n<li>Keine Pers\u00f6nliche Information werden unehrlich verwendet<\/li>\n<\/ul>\n<p>Gem\u00e4ss dem Computergesetzt \u00ab informatique et libert\u00e9s \u00bb vom 6ten Januar 1978 (art. 34) haben Sie zug\u00e4nglichkeit an die Daten die Sie betreffen um sie zu \u00e4ndern, korrigieren, oder l\u00f6chen. Um dies zu erledigen, nur mit Schreiben an La cerisaie, 31 rue des Tilleuls, 67220 Breitenbach.<\/p>\n<h2>Verantwortlichkeiten<\/h2>\n<p>Die Konsultation der Website nimmt an das der Internet Surfer die obenen genannten Bedinungen annimmt.<\/p>\n","protected":false},"excerpt":{"rendered":"<p>Verleger der Website La Cerisaie 31 rue des Tilleuls 67220 Breitenbach (Frankreich) 03 88 57 05 07 Ver\u00f6ffentlichungs-Direktor Robert und Astrid Haas Konzeption und Sch\u00f6pfung der Website Premi\u00e8re Place SAS mit einem Kapital von 4,860.00 Euro Hauptsitz: 30 rue Fran\u00e7ois Spoerry \u2013 68100 Mulhouse \u2013 Frankreich Telefon: +33 (0) 3 [&hellip;]<\/p>\n","protected":false},"author":2,"featured_media":0,"parent":0,"menu_order":0,"comment_status":"open","ping_status":"open","template":"","meta":{"footnotes":""},"class_list":["post-283","page","type-page","status-publish","hentry"],"yoast_head":"<!-- This site is optimized with the Yoast SEO plugin v27.3 - https:\/\/yoast.com\/product\/yoast-seo-wordpress\/ -->\n<title>Impressum Die Cerisaie | G\u00e4stezimmer Elsass, Fremdenzimmer<\/title>\n<meta name=\"robots\" content=\"index, follow, max-snippet:-1, max-image-preview:large, max-video-preview:-1\" \/>\n<link rel=\"canonical\" href=\"https:\/\/www.la-cerisaie.net\/de\/impressum\/\" \/>\n<meta property=\"og:locale\" content=\"de_DE\" \/>\n<meta property=\"og:type\" content=\"article\" \/>\n<meta property=\"og:title\" content=\"Impressum Die Cerisaie | G\u00e4stezimmer Elsass, Fremdenzimmer\" \/>\n<meta property=\"og:description\" content=\"Verleger der Website La Cerisaie 31 rue des Tilleuls 67220 Breitenbach (Frankreich) 03 88 57 05 07 Ver\u00f6ffentlichungs-Direktor Robert und Astrid Haas Konzeption und Sch\u00f6pfung der Website Premi\u00e8re Place SAS mit einem Kapital von 4,860.00 Euro Hauptsitz: 30 rue Fran\u00e7ois Spoerry \u2013 68100 Mulhouse \u2013 Frankreich Telefon: +33 (0) 3 [&hellip;]\" \/>\n<meta property=\"og:url\" content=\"https:\/\/www.la-cerisaie.net\/de\/impressum\/\" \/>\n<meta property=\"og:site_name\" content=\"La Cerisaie\" \/>\n<meta property=\"article:modified_time\" content=\"2023-02-21T13:17:03+00:00\" \/>\n<meta name=\"twitter:card\" content=\"summary_large_image\" \/>\n<meta name=\"twitter:label1\" content=\"Gesch\u00e4tzte Lesezeit\" \/>\n\t<meta name=\"twitter:data1\" content=\"1\u00a0Minute\" \/>\n<script type=\"application\/ld+json\" class=\"yoast-schema-graph\">{\"@context\":\"https:\\\/\\\/schema.org\",\"@graph\":[{\"@type\":\"WebPage\",\"@id\":\"https:\\\/\\\/www.la-cerisaie.net\\\/de\\\/impressum\\\/\",\"url\":\"https:\\\/\\\/www.la-cerisaie.net\\\/de\\\/impressum\\\/\",\"name\":\"Impressum Die Cerisaie | G\u00e4stezimmer Elsass, Fremdenzimmer\",\"isPartOf\":{\"@id\":\"http:\\\/\\\/www.la-cerisaie.net\\\/de\\\/#website\"},\"datePublished\":\"2013-04-09T12:12:56+00:00\",\"dateModified\":\"2023-02-21T13:17:03+00:00\",\"breadcrumb\":{\"@id\":\"https:\\\/\\\/www.la-cerisaie.net\\\/de\\\/impressum\\\/#breadcrumb\"},\"inLanguage\":\"de\",\"potentialAction\":[{\"@type\":\"ReadAction\",\"target\":[\"https:\\\/\\\/www.la-cerisaie.net\\\/de\\\/impressum\\\/\"]}]},{\"@type\":\"BreadcrumbList\",\"@id\":\"https:\\\/\\\/www.la-cerisaie.net\\\/de\\\/impressum\\\/#breadcrumb\",\"itemListElement\":[{\"@type\":\"ListItem\",\"position\":1,\"name\":\"Accueil\",\"item\":\"http:\\\/\\\/www.la-cerisaie.net\\\/de\\\/\"},{\"@type\":\"ListItem\",\"position\":2,\"name\":\"Impressum\"}]},{\"@type\":\"WebSite\",\"@id\":\"http:\\\/\\\/www.la-cerisaie.net\\\/de\\\/#website\",\"url\":\"http:\\\/\\\/www.la-cerisaie.net\\\/de\\\/\",\"name\":\"La Cerisaie\",\"description\":\"Chambres d&#039;h\u00f4tes en Alsace\",\"potentialAction\":[{\"@type\":\"SearchAction\",\"target\":{\"@type\":\"EntryPoint\",\"urlTemplate\":\"http:\\\/\\\/www.la-cerisaie.net\\\/de\\\/?s={search_term_string}\"},\"query-input\":{\"@type\":\"PropertyValueSpecification\",\"valueRequired\":true,\"valueName\":\"search_term_string\"}}],\"inLanguage\":\"de\"}]}<\/script>\n<!-- \/ Yoast SEO plugin. -->","yoast_head_json":{"title":"Impressum Die Cerisaie | G\u00e4stezimmer Elsass, Fremdenzimmer","robots":{"index":"index","follow":"follow","max-snippet":"max-snippet:-1","max-image-preview":"max-image-preview:large","max-video-preview":"max-video-preview:-1"},"canonical":"https:\/\/www.la-cerisaie.net\/de\/impressum\/","og_locale":"de_DE","og_type":"article","og_title":"Impressum Die Cerisaie | G\u00e4stezimmer Elsass, Fremdenzimmer","og_description":"Verleger der Website La Cerisaie 31 rue des Tilleuls 67220 Breitenbach (Frankreich) 03 88 57 05 07 Ver\u00f6ffentlichungs-Direktor Robert und Astrid Haas Konzeption und Sch\u00f6pfung der Website Premi\u00e8re Place SAS mit einem Kapital von 4,860.00 Euro Hauptsitz: 30 rue Fran\u00e7ois Spoerry \u2013 68100 Mulhouse \u2013 Frankreich Telefon: +33 (0) 3 [&hellip;]","og_url":"https:\/\/www.la-cerisaie.net\/de\/impressum\/","og_site_name":"La Cerisaie","article_modified_time":"2023-02-21T13:17:03+00:00","twitter_card":"summary_large_image","twitter_misc":{"Gesch\u00e4tzte Lesezeit":"1\u00a0Minute"},"schema":{"@context":"https:\/\/schema.org","@graph":[{"@type":"WebPage","@id":"https:\/\/www.la-cerisaie.net\/de\/impressum\/","url":"https:\/\/www.la-cerisaie.net\/de\/impressum\/","name":"Impressum Die Cerisaie | G\u00e4stezimmer Elsass, Fremdenzimmer","isPartOf":{"@id":"http:\/\/www.la-cerisaie.net\/de\/#website"},"datePublished":"2013-04-09T12:12:56+00:00","dateModified":"2023-02-21T13:17:03+00:00","breadcrumb":{"@id":"https:\/\/www.la-cerisaie.net\/de\/impressum\/#breadcrumb"},"inLanguage":"de","potentialAction":[{"@type":"ReadAction","target":["https:\/\/www.la-cerisaie.net\/de\/impressum\/"]}]},{"@type":"BreadcrumbList","@id":"https:\/\/www.la-cerisaie.net\/de\/impressum\/#breadcrumb","itemListElement":[{"@type":"ListItem","position":1,"name":"Accueil","item":"http:\/\/www.la-cerisaie.net\/de\/"},{"@type":"ListItem","position":2,"name":"Impressum"}]},{"@type":"WebSite","@id":"http:\/\/www.la-cerisaie.net\/de\/#website","url":"http:\/\/www.la-cerisaie.net\/de\/","name":"La Cerisaie","description":"Chambres d&#039;h\u00f4tes en Alsace","potentialAction":[{"@type":"SearchAction","target":{"@type":"EntryPoint","urlTemplate":"http:\/\/www.la-cerisaie.net\/de\/?s={search_term_string}"},"query-input":{"@type":"PropertyValueSpecification","valueRequired":true,"valueName":"search_term_string"}}],"inLanguage":"de"}]}},"_links":{"self":[{"href":"https:\/\/www.la-cerisaie.net\/de\/wp-json\/wp\/v2\/pages\/283","targetHints":{"allow":["GET"]}}],"collection":[{"href":"https:\/\/www.la-cerisaie.net\/de\/wp-json\/wp\/v2\/pages"}],"about":[{"href":"https:\/\/www.la-cerisaie.net\/de\/wp-json\/wp\/v2\/types\/page"}],"author":[{"embeddable":true,"href":"https:\/\/www.la-cerisaie.net\/de\/wp-json\/wp\/v2\/users\/2"}],"replies":[{"embeddable":true,"href":"https:\/\/www.la-cerisaie.net\/de\/wp-json\/wp\/v2\/comments?post=283"}],"version-history":[{"count":5,"href":"https:\/\/www.la-cerisaie.net\/de\/wp-json\/wp\/v2\/pages\/283\/revisions"}],"predecessor-version":[{"id":6295,"href":"https:\/\/www.la-cerisaie.net\/de\/wp-json\/wp\/v2\/pages\/283\/revisions\/6295"}],"wp:attachment":[{"href":"https:\/\/www.la-cerisaie.net\/de\/wp-json\/wp\/v2\/media?parent=283"}],"curies":[{"name":"wp","href":"https:\/\/api.w.org\/{rel}","templated":true}]}}