{"id":296,"date":"2013-04-09T13:41:11","date_gmt":"2013-04-09T12:41:11","guid":{"rendered":"https:\/\/www.la-cerisaie.net\/?page_id=296"},"modified":"2015-10-16T15:24:31","modified_gmt":"2015-10-16T14:24:31","slug":"uber-uns","status":"publish","type":"page","link":"https:\/\/www.la-cerisaie.net\/de\/uber-uns\/","title":{"rendered":"Uber uns"},"content":{"rendered":"<h2>Astrid<\/h2>\n<p>Liebevollund herzlich k\u00fcmmert sich <b>Astrid<\/b> um das Wohl ihrer G\u00e4ste. Dies beginnt mit einem reichhaltigen Fr\u00fchst\u00fccksbuffet in charmantem Ambiente. Ausserdem werden Sie von ihr in allen Belangen bestens beraten und es werden Ihnen M\u00f6glichkeiten aufgezeigt, das Elsass zu erkunden.<\/p>\n<p>Spezielle Aufmerksamkeit schenkt sie einem seri\u00f6sen, umfassenden und pers\u00f6nlichen Zimmerservice. Auf Wunsch ist sie auch in der Lage, Ihnen die kulinarischen K\u00f6stlichkeiten des Elsass selber zu kredenzen.<\/p>\n<h2>Robert<\/h2>\n<p>Die Leidenschaft von <b>Robert <\/b>ist das Elsass, seine Geschichte und <b>Sehensw\u00fcrdigkeiten<\/b>, sowie das Holzaus den Vogesen, welches sich viel seitig gestalten und verwenden l\u00e4sst. In der Cerisaie k\u00f6nnen Sie eine solche, von Robert kreierte und umgesetzte, imposante Holzarchitektur mit Fachwerk und Schnitzerei bewundern.<\/p>\n<p>Ein weiteres Hobby von Robert ist die Imkerei. Er wird Ihnen gerne vom Leben der Bienen erz\u00e4hlen und Sie haben Gelegenheit, seinen hervorragenden Honig zu kosten.<\/p>\n<p><b>Robert und Astrid<\/b> geben sich damit die gr\u00f6sste M\u00fche, und legen alles daran, Ihnen mit ihren Serviceleistungen einen unvergesslichen, wundersch\u00f6nen Aufenthaltzuerm\u00f6glichen!<\/p>\n","protected":false},"excerpt":{"rendered":"<p>Astrid Liebevollund herzlich k\u00fcmmert sich Astrid um das Wohl ihrer G\u00e4ste. Dies beginnt mit einem reichhaltigen Fr\u00fchst\u00fccksbuffet in charmantem Ambiente. Ausserdem werden Sie von ihr in allen Belangen bestens beraten und es werden Ihnen M\u00f6glichkeiten aufgezeigt, das Elsass zu erkunden. Spezielle Aufmerksamkeit schenkt sie einem seri\u00f6sen, umfassenden und pers\u00f6nlichen Zimmerservice. [&hellip;]<\/p>\n","protected":false},"author":2,"featured_media":0,"parent":0,"menu_order":0,"comment_status":"open","ping_status":"open","template":"","meta":{"footnotes":""},"class_list":["post-296","page","type-page","status-publish","hentry"],"yoast_head":"<!-- This site is optimized with the Yoast SEO plugin v27.4 - https:\/\/yoast.com\/product\/yoast-seo-wordpress\/ -->\n<title>Die Cerisaie : Astrid &amp; Robert Haas | G\u00e4stezimmer Elsass G\u00eete de France<\/title>\n<meta name=\"description\" content=\"Entdecken Sie die Cerisaie, die G\u00e4stenzimmer und Ferienwohnungen im Elsass. Astrid und Robert erm\u00f6glichen Ihnen ein gem\u00fctlicher und unvergesslicher Urlaub !\" \/>\n<meta name=\"robots\" content=\"index, follow, max-snippet:-1, max-image-preview:large, max-video-preview:-1\" \/>\n<link rel=\"canonical\" href=\"https:\/\/www.la-cerisaie.net\/de\/uber-uns\/\" \/>\n<meta property=\"og:locale\" content=\"de_DE\" \/>\n<meta property=\"og:type\" content=\"article\" \/>\n<meta property=\"og:title\" content=\"Die Cerisaie : Astrid &amp; Robert Haas | G\u00e4stezimmer Elsass G\u00eete de France\" \/>\n<meta property=\"og:description\" content=\"Entdecken Sie die Cerisaie, die G\u00e4stenzimmer und Ferienwohnungen im Elsass. Astrid und Robert erm\u00f6glichen Ihnen ein gem\u00fctlicher und unvergesslicher Urlaub !\" \/>\n<meta property=\"og:url\" content=\"https:\/\/www.la-cerisaie.net\/de\/uber-uns\/\" \/>\n<meta property=\"og:site_name\" content=\"La Cerisaie\" \/>\n<meta property=\"article:modified_time\" content=\"2015-10-16T14:24:31+00:00\" \/>\n<meta name=\"twitter:card\" content=\"summary_large_image\" \/>\n<meta name=\"twitter:label1\" content=\"Gesch\u00e4tzte Lesezeit\" \/>\n\t<meta name=\"twitter:data1\" content=\"1\u00a0Minute\" \/>\n<script type=\"application\/ld+json\" class=\"yoast-schema-graph\">{\"@context\":\"https:\\\/\\\/schema.org\",\"@graph\":[{\"@type\":\"WebPage\",\"@id\":\"https:\\\/\\\/www.la-cerisaie.net\\\/de\\\/uber-uns\\\/\",\"url\":\"https:\\\/\\\/www.la-cerisaie.net\\\/de\\\/uber-uns\\\/\",\"name\":\"Die Cerisaie : Astrid & Robert Haas | G\u00e4stezimmer Elsass G\u00eete de France\",\"isPartOf\":{\"@id\":\"http:\\\/\\\/www.la-cerisaie.net\\\/de\\\/#website\"},\"datePublished\":\"2013-04-09T12:41:11+00:00\",\"dateModified\":\"2015-10-16T14:24:31+00:00\",\"description\":\"Entdecken Sie die Cerisaie, die G\u00e4stenzimmer und Ferienwohnungen im Elsass. Astrid und Robert erm\u00f6glichen Ihnen ein gem\u00fctlicher und unvergesslicher Urlaub !\",\"breadcrumb\":{\"@id\":\"https:\\\/\\\/www.la-cerisaie.net\\\/de\\\/uber-uns\\\/#breadcrumb\"},\"inLanguage\":\"de\",\"potentialAction\":[{\"@type\":\"ReadAction\",\"target\":[\"https:\\\/\\\/www.la-cerisaie.net\\\/de\\\/uber-uns\\\/\"]}]},{\"@type\":\"BreadcrumbList\",\"@id\":\"https:\\\/\\\/www.la-cerisaie.net\\\/de\\\/uber-uns\\\/#breadcrumb\",\"itemListElement\":[{\"@type\":\"ListItem\",\"position\":1,\"name\":\"Accueil\",\"item\":\"http:\\\/\\\/www.la-cerisaie.net\\\/de\\\/\"},{\"@type\":\"ListItem\",\"position\":2,\"name\":\"\u00dcber uns\"}]},{\"@type\":\"WebSite\",\"@id\":\"http:\\\/\\\/www.la-cerisaie.net\\\/de\\\/#website\",\"url\":\"http:\\\/\\\/www.la-cerisaie.net\\\/de\\\/\",\"name\":\"La Cerisaie\",\"description\":\"Chambres d&#039;h\u00f4tes en Alsace\",\"potentialAction\":[{\"@type\":\"SearchAction\",\"target\":{\"@type\":\"EntryPoint\",\"urlTemplate\":\"http:\\\/\\\/www.la-cerisaie.net\\\/de\\\/?s={search_term_string}\"},\"query-input\":{\"@type\":\"PropertyValueSpecification\",\"valueRequired\":true,\"valueName\":\"search_term_string\"}}],\"inLanguage\":\"de\"}]}<\/script>\n<!-- \/ Yoast SEO plugin. -->","yoast_head_json":{"title":"Die Cerisaie : Astrid & Robert Haas | G\u00e4stezimmer Elsass G\u00eete de France","description":"Entdecken Sie die Cerisaie, die G\u00e4stenzimmer und Ferienwohnungen im Elsass. Astrid und Robert erm\u00f6glichen Ihnen ein gem\u00fctlicher und unvergesslicher Urlaub !","robots":{"index":"index","follow":"follow","max-snippet":"max-snippet:-1","max-image-preview":"max-image-preview:large","max-video-preview":"max-video-preview:-1"},"canonical":"https:\/\/www.la-cerisaie.net\/de\/uber-uns\/","og_locale":"de_DE","og_type":"article","og_title":"Die Cerisaie : Astrid & Robert Haas | G\u00e4stezimmer Elsass G\u00eete de France","og_description":"Entdecken Sie die Cerisaie, die G\u00e4stenzimmer und Ferienwohnungen im Elsass. Astrid und Robert erm\u00f6glichen Ihnen ein gem\u00fctlicher und unvergesslicher Urlaub !","og_url":"https:\/\/www.la-cerisaie.net\/de\/uber-uns\/","og_site_name":"La Cerisaie","article_modified_time":"2015-10-16T14:24:31+00:00","twitter_card":"summary_large_image","twitter_misc":{"Gesch\u00e4tzte Lesezeit":"1\u00a0Minute"},"schema":{"@context":"https:\/\/schema.org","@graph":[{"@type":"WebPage","@id":"https:\/\/www.la-cerisaie.net\/de\/uber-uns\/","url":"https:\/\/www.la-cerisaie.net\/de\/uber-uns\/","name":"Die Cerisaie : Astrid & Robert Haas | G\u00e4stezimmer Elsass G\u00eete de France","isPartOf":{"@id":"http:\/\/www.la-cerisaie.net\/de\/#website"},"datePublished":"2013-04-09T12:41:11+00:00","dateModified":"2015-10-16T14:24:31+00:00","description":"Entdecken Sie die Cerisaie, die G\u00e4stenzimmer und Ferienwohnungen im Elsass. Astrid und Robert erm\u00f6glichen Ihnen ein gem\u00fctlicher und unvergesslicher Urlaub !","breadcrumb":{"@id":"https:\/\/www.la-cerisaie.net\/de\/uber-uns\/#breadcrumb"},"inLanguage":"de","potentialAction":[{"@type":"ReadAction","target":["https:\/\/www.la-cerisaie.net\/de\/uber-uns\/"]}]},{"@type":"BreadcrumbList","@id":"https:\/\/www.la-cerisaie.net\/de\/uber-uns\/#breadcrumb","itemListElement":[{"@type":"ListItem","position":1,"name":"Accueil","item":"http:\/\/www.la-cerisaie.net\/de\/"},{"@type":"ListItem","position":2,"name":"\u00dcber uns"}]},{"@type":"WebSite","@id":"http:\/\/www.la-cerisaie.net\/de\/#website","url":"http:\/\/www.la-cerisaie.net\/de\/","name":"La Cerisaie","description":"Chambres d&#039;h\u00f4tes en Alsace","potentialAction":[{"@type":"SearchAction","target":{"@type":"EntryPoint","urlTemplate":"http:\/\/www.la-cerisaie.net\/de\/?s={search_term_string}"},"query-input":{"@type":"PropertyValueSpecification","valueRequired":true,"valueName":"search_term_string"}}],"inLanguage":"de"}]}},"_links":{"self":[{"href":"https:\/\/www.la-cerisaie.net\/de\/wp-json\/wp\/v2\/pages\/296","targetHints":{"allow":["GET"]}}],"collection":[{"href":"https:\/\/www.la-cerisaie.net\/de\/wp-json\/wp\/v2\/pages"}],"about":[{"href":"https:\/\/www.la-cerisaie.net\/de\/wp-json\/wp\/v2\/types\/page"}],"author":[{"embeddable":true,"href":"https:\/\/www.la-cerisaie.net\/de\/wp-json\/wp\/v2\/users\/2"}],"replies":[{"embeddable":true,"href":"https:\/\/www.la-cerisaie.net\/de\/wp-json\/wp\/v2\/comments?post=296"}],"version-history":[{"count":2,"href":"https:\/\/www.la-cerisaie.net\/de\/wp-json\/wp\/v2\/pages\/296\/revisions"}],"predecessor-version":[{"id":1761,"href":"https:\/\/www.la-cerisaie.net\/de\/wp-json\/wp\/v2\/pages\/296\/revisions\/1761"}],"wp:attachment":[{"href":"https:\/\/www.la-cerisaie.net\/de\/wp-json\/wp\/v2\/media?parent=296"}],"curies":[{"name":"wp","href":"https:\/\/api.w.org\/{rel}","templated":true}]}}